{"id":16017,"date":"2024-02-08T12:38:04","date_gmt":"2024-02-08T12:38:04","guid":{"rendered":"https:\/\/wallface.de\/es\/?page_id=16017"},"modified":"2025-07-28T12:12:11","modified_gmt":"2025-07-28T12:12:11","slug":"imprenta","status":"publish","type":"page","link":"https:\/\/wallface.de\/es\/imprenta\/","title":{"rendered":"Imprenta"},"content":{"rendered":"<p><div class=\"fusion-fullwidth fullwidth-box fusion-builder-row-1 fusion-flex-container margin-full-bl_0 main_img-cat hundred-percent-fullwidth non-hundred-percent-height-scrolling\" style=\"--awb-border-radius-top-left:0px;--awb-border-radius-top-right:0px;--awb-border-radius-bottom-right:0px;--awb-border-radius-bottom-left:0px;--awb-padding-right:0px;--awb-padding-left:0px;--awb-flex-wrap:wrap;\" ><div class=\"fusion-builder-row fusion-row fusion-flex-align-items-flex-start fusion-flex-content-wrap\" style=\"width:104% !important;max-width:104% !important;margin-left: calc(-4% \/ 2 );margin-right: calc(-4% \/ 2 );\"><div class=\"fusion-layout-column fusion_builder_column fusion-builder-column-0 fusion_builder_column_1_1 1_1 fusion-flex-column\" style=\"--awb-bg-size:cover;--awb-width-large:100%;--awb-margin-top-large:0px;--awb-spacing-right-large:1.92%;--awb-margin-bottom-large:20px;--awb-spacing-left-large:1.92%;--awb-width-medium:100%;--awb-order-medium:0;--awb-spacing-right-medium:1.92%;--awb-spacing-left-medium:1.92%;--awb-width-small:100%;--awb-order-small:0;--awb-spacing-right-small:1.92%;--awb-spacing-left-small:1.92%;\"><div class=\"fusion-column-wrapper fusion-column-has-shadow fusion-flex-justify-content-flex-start fusion-content-layout-column\"><div class=\"fusion-image-element \" style=\"--awb-caption-title-font-family:var(--h2_typography-font-family);--awb-caption-title-font-weight:var(--h2_typography-font-weight);--awb-caption-title-font-style:var(--h2_typography-font-style);--awb-caption-title-size:var(--h2_typography-font-size);--awb-caption-title-transform:var(--h2_typography-text-transform);--awb-caption-title-line-height:var(--h2_typography-line-height);--awb-caption-title-letter-spacing:var(--h2_typography-letter-spacing);\"><span class=\" fusion-imageframe imageframe-none imageframe-1 hover-type-none fool-img-desc\"><img decoding=\"async\" width=\"2500\" height=\"900\" alt=\"Sal\u00f3n moderno con sof\u00e1 blanco, l\u00e1mpara de pie y planta decorativa.\" src=\"https:\/\/wallface.de\/es\/wp-content\/uploads\/sites\/5\/2025\/03\/wallface_paneles_de_pared_aviso_legal.jpg\" class=\"img-responsive wp-image-45324\" srcset=\"https:\/\/wallface.de\/es\/wp-content\/uploads\/sites\/5\/2025\/03\/wallface_paneles_de_pared_aviso_legal-200x72.jpg 200w, https:\/\/wallface.de\/es\/wp-content\/uploads\/sites\/5\/2025\/03\/wallface_paneles_de_pared_aviso_legal-400x144.jpg 400w, https:\/\/wallface.de\/es\/wp-content\/uploads\/sites\/5\/2025\/03\/wallface_paneles_de_pared_aviso_legal-600x216.jpg 600w, https:\/\/wallface.de\/es\/wp-content\/uploads\/sites\/5\/2025\/03\/wallface_paneles_de_pared_aviso_legal-800x288.jpg 800w, https:\/\/wallface.de\/es\/wp-content\/uploads\/sites\/5\/2025\/03\/wallface_paneles_de_pared_aviso_legal-1200x432.jpg 1200w, https:\/\/wallface.de\/es\/wp-content\/uploads\/sites\/5\/2025\/03\/wallface_paneles_de_pared_aviso_legal.jpg 2500w\" sizes=\"(max-width: 640px) 100vw, 1200px\" \/><\/span><\/div><div class=\"fusion-image-element \" style=\"--awb-caption-title-font-family:var(--h2_typography-font-family);--awb-caption-title-font-weight:var(--h2_typography-font-weight);--awb-caption-title-font-style:var(--h2_typography-font-style);--awb-caption-title-size:var(--h2_typography-font-size);--awb-caption-title-transform:var(--h2_typography-text-transform);--awb-caption-title-line-height:var(--h2_typography-line-height);--awb-caption-title-letter-spacing:var(--h2_typography-letter-spacing);\"><span class=\" fusion-imageframe imageframe-none imageframe-2 hover-type-none fool-img-mob\"><img decoding=\"async\" width=\"650\" height=\"884\" alt=\"Sal\u00f3n moderno con sof\u00e1 blanco, l\u00e1mpara de pie y mesa auxiliar redonda.\" src=\"https:\/\/wallface.de\/es\/wp-content\/uploads\/sites\/5\/2025\/03\/wallface_paneles_de_pared_aviso_legal_mob.jpg\" class=\"img-responsive wp-image-45325\" srcset=\"https:\/\/wallface.de\/es\/wp-content\/uploads\/sites\/5\/2025\/03\/wallface_paneles_de_pared_aviso_legal_mob-200x272.jpg 200w, https:\/\/wallface.de\/es\/wp-content\/uploads\/sites\/5\/2025\/03\/wallface_paneles_de_pared_aviso_legal_mob-400x544.jpg 400w, https:\/\/wallface.de\/es\/wp-content\/uploads\/sites\/5\/2025\/03\/wallface_paneles_de_pared_aviso_legal_mob-600x816.jpg 600w, https:\/\/wallface.de\/es\/wp-content\/uploads\/sites\/5\/2025\/03\/wallface_paneles_de_pared_aviso_legal_mob.jpg 650w\" sizes=\"(max-width: 640px) 100vw, 650px\" \/><\/span><\/div><\/div><\/div><\/div><\/div><div class=\"fusion-fullwidth fullwidth-box fusion-builder-row-2 fusion-flex-container category_top_txt nonhundred-percent-fullwidth non-hundred-percent-height-scrolling\" style=\"--awb-border-radius-top-left:0px;--awb-border-radius-top-right:0px;--awb-border-radius-bottom-right:0px;--awb-border-radius-bottom-left:0px;--awb-padding-top:60px;--awb-padding-bottom:60px;--awb-flex-wrap:wrap;\" ><div class=\"fusion-builder-row fusion-row fusion-flex-align-items-flex-start fusion-flex-content-wrap\" style=\"max-width:1200.0352px;margin-left: calc(-4% \/ 2 );margin-right: calc(-4% \/ 2 );\"><div class=\"fusion-layout-column fusion_builder_column fusion-builder-column-1 fusion_builder_column_1_1 1_1 fusion-flex-column\" style=\"--awb-bg-size:cover;--awb-width-large:100%;--awb-margin-top-large:0px;--awb-spacing-right-large:1.92%;--awb-margin-bottom-large:20px;--awb-spacing-left-large:1.92%;--awb-width-medium:100%;--awb-order-medium:0;--awb-spacing-right-medium:1.92%;--awb-spacing-left-medium:1.92%;--awb-width-small:100%;--awb-order-small:0;--awb-spacing-right-small:1.92%;--awb-spacing-left-small:1.92%;\"><div class=\"fusion-column-wrapper fusion-column-has-shadow fusion-flex-justify-content-flex-start fusion-content-layout-column\"><div class=\"fusion-title title fusion-title-1 fusion-sep-none fusion-title-text fusion-title-size-one title-section\"><h1 class=\"fusion-title-heading title-heading-left\" style=\"margin:0;\"><h1>Direcci\u00f3n Casa:<\/h1><\/h1><\/div><div class=\"fusion-text fusion-text-1 home_subtitle content-other\" style=\"--awb-text-transform:none;\"><p><strong class=\"f_bold\">Imprenta:<\/strong><\/p>\n<h4 class=\"f_bold\">Direcci\u00f3n Casa:<\/h4>\n<p>e-Delux GmbH<br \/>\nRoentgenstr. 8<br \/>\n40699 Erkrath<br \/>\nAlemania<\/p>\n<p>\u0422el\u00e9fono: +49 (0)2104 833 11 22<br \/>\nFax: +49 (0)2104 833 11 40<br \/>\nE-Mail: info@wallface.de<\/p>\n<p>Director: Igor Kraftsoff<br \/>\nSede: Erkrath, Alemania<br \/>\nInscripci\u00f3n registro mercantil: HRB 22247 juzgado municipal de Wuppertal<br \/>\nNIF-IVA (nacional): 147\/5819\/0553<br \/>\nNIF-IVA (UE): DE815123542<\/p>\n<p>No tenemos la voluntad ni la obligaci\u00f3n de participar en procedimientos de resoluci\u00f3n de litigios ante \u00f3rganos de arbitraje de consumidores.<\/p>\n<p><strong>Somos miembros de la iniciativa \u00ab FairCommerce \u00bb desde 27.08.2015.<\/strong><br \/>\nPara m\u00e1s informaci\u00f3n, consulte:\u00a0<a href=\"https:\/\/www.haendlerbund.de\/de\/haendlerbund\/interessenvertretung\/faircommerce\" target=\"blank\">www.haendlerbund.de\/faircommerce<\/a><\/p>\n<\/div><\/div><\/div><\/div><\/div><\/p>\n","protected":false},"excerpt":{"rendered":"","protected":false},"author":1,"featured_media":0,"parent":0,"menu_order":0,"comment_status":"closed","ping_status":"closed","template":"100-width.php","meta":{"inline_featured_image":false,"footnotes":""},"class_list":["post-16017","page","type-page","status-publish","hentry"],"yoast_head":"<!-- This site is optimized with the Yoast SEO plugin v22.0 - https:\/\/yoast.com\/wordpress\/plugins\/seo\/ -->\n<title>Aviso Legal | Informaci\u00f3n de la Empresa | WallFace Espa\u00f1a<\/title>\n<meta name=\"description\" content=\"Consulta los datos legales de WallFace: informaci\u00f3n de la empresa, direcci\u00f3n, representante y contacto conforme al art\u00edculo 5 de la Ley alemana de Telemedia (TMG).\" \/>\n<meta name=\"robots\" content=\"index, follow, max-snippet:-1, max-image-preview:large, max-video-preview:-1\" \/>\n<link rel=\"canonical\" href=\"https:\/\/wallface.de\/es\/imprenta\/\" \/>\n<meta property=\"og:locale\" content=\"es_ES\" \/>\n<meta property=\"og:type\" content=\"article\" \/>\n<meta property=\"og:title\" content=\"Aviso Legal | Informaci\u00f3n de la Empresa | WallFace Espa\u00f1a\" \/>\n<meta property=\"og:description\" content=\"Consulta los datos legales de WallFace: informaci\u00f3n de la empresa, direcci\u00f3n, representante y contacto conforme al art\u00edculo 5 de la Ley alemana de Telemedia (TMG).\" \/>\n<meta property=\"og:url\" content=\"https:\/\/wallface.de\/es\/imprenta\/\" \/>\n<meta property=\"og:site_name\" content=\"wallface\/es\" \/>\n<meta property=\"article:modified_time\" content=\"2025-07-28T12:12:11+00:00\" \/>\n<meta name=\"twitter:card\" content=\"summary_large_image\" \/>\n<meta name=\"twitter:label1\" content=\"Tiempo de lectura\" \/>\n\t<meta name=\"twitter:data1\" content=\"1 minuto\" \/>\n<script type=\"application\/ld+json\" class=\"yoast-schema-graph\">{\"@context\":\"https:\/\/schema.org\",\"@graph\":[{\"@type\":\"WebPage\",\"@id\":\"https:\/\/wallface.de\/es\/imprenta\/\",\"url\":\"https:\/\/wallface.de\/es\/imprenta\/\",\"name\":\"Aviso Legal | Informaci\u00f3n de la Empresa | WallFace Espa\u00f1a\",\"isPartOf\":{\"@id\":\"https:\/\/wallface.de\/es\/#website\"},\"datePublished\":\"2024-02-08T12:38:04+00:00\",\"dateModified\":\"2025-07-28T12:12:11+00:00\",\"description\":\"Consulta los datos legales de WallFace: informaci\u00f3n de la empresa, direcci\u00f3n, representante y contacto conforme al art\u00edculo 5 de la Ley alemana de Telemedia (TMG).\",\"breadcrumb\":{\"@id\":\"https:\/\/wallface.de\/es\/imprenta\/#breadcrumb\"},\"inLanguage\":\"es\",\"potentialAction\":[{\"@type\":\"ReadAction\",\"target\":[\"https:\/\/wallface.de\/es\/imprenta\/\"]}]},{\"@type\":\"BreadcrumbList\",\"@id\":\"https:\/\/wallface.de\/es\/imprenta\/#breadcrumb\",\"itemListElement\":[{\"@type\":\"ListItem\",\"position\":1,\"name\":\"Home\",\"item\":\"https:\/\/wallface.de\/es\/\"},{\"@type\":\"ListItem\",\"position\":2,\"name\":\"Imprenta\"}]},{\"@type\":\"WebSite\",\"@id\":\"https:\/\/wallface.de\/es\/#website\",\"url\":\"https:\/\/wallface.de\/es\/\",\"name\":\"wallface\/es\",\"description\":\"\",\"potentialAction\":[{\"@type\":\"SearchAction\",\"target\":{\"@type\":\"EntryPoint\",\"urlTemplate\":\"https:\/\/wallface.de\/es\/?s={search_term_string}\"},\"query-input\":\"required name=search_term_string\"}],\"inLanguage\":\"es\"}]}<\/script>\n<!-- \/ Yoast SEO plugin. -->","yoast_head_json":{"title":"Aviso Legal | Informaci\u00f3n de la Empresa | WallFace Espa\u00f1a","description":"Consulta los datos legales de WallFace: informaci\u00f3n de la empresa, direcci\u00f3n, representante y contacto conforme al art\u00edculo 5 de la Ley alemana de Telemedia (TMG).","robots":{"index":"index","follow":"follow","max-snippet":"max-snippet:-1","max-image-preview":"max-image-preview:large","max-video-preview":"max-video-preview:-1"},"canonical":"https:\/\/wallface.de\/es\/imprenta\/","og_locale":"es_ES","og_type":"article","og_title":"Aviso Legal | Informaci\u00f3n de la Empresa | WallFace Espa\u00f1a","og_description":"Consulta los datos legales de WallFace: informaci\u00f3n de la empresa, direcci\u00f3n, representante y contacto conforme al art\u00edculo 5 de la Ley alemana de Telemedia (TMG).","og_url":"https:\/\/wallface.de\/es\/imprenta\/","og_site_name":"wallface\/es","article_modified_time":"2025-07-28T12:12:11+00:00","twitter_card":"summary_large_image","twitter_misc":{"Tiempo de lectura":"1 minuto"},"schema":{"@context":"https:\/\/schema.org","@graph":[{"@type":"WebPage","@id":"https:\/\/wallface.de\/es\/imprenta\/","url":"https:\/\/wallface.de\/es\/imprenta\/","name":"Aviso Legal | Informaci\u00f3n de la Empresa | WallFace Espa\u00f1a","isPartOf":{"@id":"https:\/\/wallface.de\/es\/#website"},"datePublished":"2024-02-08T12:38:04+00:00","dateModified":"2025-07-28T12:12:11+00:00","description":"Consulta los datos legales de WallFace: informaci\u00f3n de la empresa, direcci\u00f3n, representante y contacto conforme al art\u00edculo 5 de la Ley alemana de Telemedia (TMG).","breadcrumb":{"@id":"https:\/\/wallface.de\/es\/imprenta\/#breadcrumb"},"inLanguage":"es","potentialAction":[{"@type":"ReadAction","target":["https:\/\/wallface.de\/es\/imprenta\/"]}]},{"@type":"BreadcrumbList","@id":"https:\/\/wallface.de\/es\/imprenta\/#breadcrumb","itemListElement":[{"@type":"ListItem","position":1,"name":"Home","item":"https:\/\/wallface.de\/es\/"},{"@type":"ListItem","position":2,"name":"Imprenta"}]},{"@type":"WebSite","@id":"https:\/\/wallface.de\/es\/#website","url":"https:\/\/wallface.de\/es\/","name":"wallface\/es","description":"","potentialAction":[{"@type":"SearchAction","target":{"@type":"EntryPoint","urlTemplate":"https:\/\/wallface.de\/es\/?s={search_term_string}"},"query-input":"required name=search_term_string"}],"inLanguage":"es"}]}},"_links":{"self":[{"href":"https:\/\/wallface.de\/es\/wp-json\/wp\/v2\/pages\/16017","targetHints":{"allow":["GET"]}}],"collection":[{"href":"https:\/\/wallface.de\/es\/wp-json\/wp\/v2\/pages"}],"about":[{"href":"https:\/\/wallface.de\/es\/wp-json\/wp\/v2\/types\/page"}],"author":[{"embeddable":true,"href":"https:\/\/wallface.de\/es\/wp-json\/wp\/v2\/users\/1"}],"replies":[{"embeddable":true,"href":"https:\/\/wallface.de\/es\/wp-json\/wp\/v2\/comments?post=16017"}],"version-history":[{"count":5,"href":"https:\/\/wallface.de\/es\/wp-json\/wp\/v2\/pages\/16017\/revisions"}],"predecessor-version":[{"id":47036,"href":"https:\/\/wallface.de\/es\/wp-json\/wp\/v2\/pages\/16017\/revisions\/47036"}],"wp:attachment":[{"href":"https:\/\/wallface.de\/es\/wp-json\/wp\/v2\/media?parent=16017"}],"curies":[{"name":"wp","href":"https:\/\/api.w.org\/{rel}","templated":true}]}}