{"id":44043,"date":"2025-01-25T10:39:45","date_gmt":"2025-01-25T10:39:45","guid":{"rendered":"https:\/\/wallface.de\/es\/?page_id=44043"},"modified":"2025-07-16T14:26:36","modified_gmt":"2025-07-16T14:26:36","slug":"acerca-de-nosotros","status":"publish","type":"page","link":"https:\/\/wallface.de\/es\/acerca-de-nosotros\/","title":{"rendered":"Acerca de nosotros"},"content":{"rendered":"<p><div class=\"fusion-fullwidth fullwidth-box fusion-builder-row-1 fusion-flex-container hundred-percent-fullwidth non-hundred-percent-height-scrolling\" style=\"--awb-border-radius-top-left:0px;--awb-border-radius-top-right:0px;--awb-border-radius-bottom-right:0px;--awb-border-radius-bottom-left:0px;--awb-padding-right:0px;--awb-padding-left:0px;--awb-flex-wrap:wrap;\" ><div class=\"fusion-builder-row fusion-row fusion-flex-align-items-flex-start fusion-flex-content-wrap\" style=\"width:104% !important;max-width:104% !important;margin-left: calc(-4% \/ 2 );margin-right: calc(-4% \/ 2 );\"><div class=\"fusion-layout-column fusion_builder_column fusion-builder-column-0 fusion_builder_column_1_1 1_1 fusion-flex-column\" style=\"--awb-bg-size:cover;--awb-width-large:100%;--awb-margin-top-large:0px;--awb-spacing-right-large:1.92%;--awb-margin-bottom-large:20px;--awb-spacing-left-large:1.92%;--awb-width-medium:100%;--awb-order-medium:0;--awb-spacing-right-medium:1.92%;--awb-spacing-left-medium:1.92%;--awb-width-small:100%;--awb-order-small:0;--awb-spacing-right-small:1.92%;--awb-spacing-left-small:1.92%;\"><div class=\"fusion-column-wrapper fusion-column-has-shadow fusion-flex-justify-content-flex-start fusion-content-layout-column\"><div class=\"fusion-image-element \" style=\"--awb-caption-title-font-family:var(--h2_typography-font-family);--awb-caption-title-font-weight:var(--h2_typography-font-weight);--awb-caption-title-font-style:var(--h2_typography-font-style);--awb-caption-title-size:var(--h2_typography-font-size);--awb-caption-title-transform:var(--h2_typography-text-transform);--awb-caption-title-line-height:var(--h2_typography-line-height);--awb-caption-title-letter-spacing:var(--h2_typography-letter-spacing);\"><span class=\" fusion-imageframe imageframe-none imageframe-1 hover-type-none fool-img-desc\"><img decoding=\"async\" width=\"2500\" height=\"900\" alt=\"wallface_paneles_de_pared_sobre_nosotros\" src=\"https:\/\/wallface.de\/es\/wp-content\/uploads\/sites\/5\/2025\/01\/wallface_paneles_de_pared_sobre_nosotros.jpg\" class=\"img-responsive wp-image-44044\" srcset=\"https:\/\/wallface.de\/es\/wp-content\/uploads\/sites\/5\/2025\/01\/wallface_paneles_de_pared_sobre_nosotros-200x72.jpg 200w, https:\/\/wallface.de\/es\/wp-content\/uploads\/sites\/5\/2025\/01\/wallface_paneles_de_pared_sobre_nosotros-400x144.jpg 400w, https:\/\/wallface.de\/es\/wp-content\/uploads\/sites\/5\/2025\/01\/wallface_paneles_de_pared_sobre_nosotros-600x216.jpg 600w, https:\/\/wallface.de\/es\/wp-content\/uploads\/sites\/5\/2025\/01\/wallface_paneles_de_pared_sobre_nosotros-800x288.jpg 800w, https:\/\/wallface.de\/es\/wp-content\/uploads\/sites\/5\/2025\/01\/wallface_paneles_de_pared_sobre_nosotros-1200x432.jpg 1200w, https:\/\/wallface.de\/es\/wp-content\/uploads\/sites\/5\/2025\/01\/wallface_paneles_de_pared_sobre_nosotros.jpg 2500w\" sizes=\"(max-width: 640px) 100vw, 1200px\" \/><\/span><\/div><div class=\"fusion-image-element \" style=\"--awb-caption-title-font-family:var(--h2_typography-font-family);--awb-caption-title-font-weight:var(--h2_typography-font-weight);--awb-caption-title-font-style:var(--h2_typography-font-style);--awb-caption-title-size:var(--h2_typography-font-size);--awb-caption-title-transform:var(--h2_typography-text-transform);--awb-caption-title-line-height:var(--h2_typography-line-height);--awb-caption-title-letter-spacing:var(--h2_typography-letter-spacing);\"><span class=\" fusion-imageframe imageframe-none imageframe-2 hover-type-none fool-img-mob\"><img decoding=\"async\" width=\"650\" height=\"884\" alt=\"wallface_paneles_de_pared_sobre_nosotros_mob\" src=\"https:\/\/wallface.de\/es\/wp-content\/uploads\/sites\/5\/2025\/01\/wallface_paneles_de_pared_sobre_nosotros_mob.jpg\" class=\"img-responsive wp-image-44045\" srcset=\"https:\/\/wallface.de\/es\/wp-content\/uploads\/sites\/5\/2025\/01\/wallface_paneles_de_pared_sobre_nosotros_mob-200x272.jpg 200w, https:\/\/wallface.de\/es\/wp-content\/uploads\/sites\/5\/2025\/01\/wallface_paneles_de_pared_sobre_nosotros_mob-400x544.jpg 400w, https:\/\/wallface.de\/es\/wp-content\/uploads\/sites\/5\/2025\/01\/wallface_paneles_de_pared_sobre_nosotros_mob-600x816.jpg 600w, https:\/\/wallface.de\/es\/wp-content\/uploads\/sites\/5\/2025\/01\/wallface_paneles_de_pared_sobre_nosotros_mob.jpg 650w\" sizes=\"(max-width: 640px) 100vw, 650px\" \/><\/span><\/div><\/div><\/div><\/div><\/div><div class=\"fusion-fullwidth fullwidth-box fusion-builder-row-2 fusion-flex-container nonhundred-percent-fullwidth non-hundred-percent-height-scrolling\" style=\"--awb-border-radius-top-left:0px;--awb-border-radius-top-right:0px;--awb-border-radius-bottom-right:0px;--awb-border-radius-bottom-left:0px;--awb-flex-wrap:wrap;\" ><div class=\"fusion-builder-row fusion-row fusion-flex-align-items-flex-start fusion-flex-content-wrap\" style=\"max-width:1200.0352px;margin-left: calc(-4% \/ 2 );margin-right: calc(-4% \/ 2 );\"><div class=\"fusion-layout-column fusion_builder_column fusion-builder-column-1 fusion_builder_column_1_1 1_1 fusion-flex-column\" style=\"--awb-bg-size:cover;--awb-width-large:100%;--awb-margin-top-large:0px;--awb-spacing-right-large:1.92%;--awb-margin-bottom-large:20px;--awb-spacing-left-large:1.92%;--awb-width-medium:100%;--awb-order-medium:0;--awb-spacing-right-medium:1.92%;--awb-spacing-left-medium:1.92%;--awb-width-small:100%;--awb-order-small:0;--awb-spacing-right-small:1.92%;--awb-spacing-left-small:1.92%;\"><div class=\"fusion-column-wrapper fusion-column-has-shadow fusion-flex-justify-content-flex-start fusion-content-layout-column\"><div class=\"fusion-title title fusion-title-1 fusion-sep-none fusion-title-text fusion-title-size-one title-section\"><h1 class=\"fusion-title-heading title-heading-left\" style=\"margin:0;\"><h1>Acerca de nosotros<\/h1><\/h1><\/div><div class=\"fusion-text fusion-text-1 home_subtitle\" style=\"--awb-text-transform:none;\"><p>WallFace es la marca Premium de la empresa e-Delux S.L. Aqu\u00ed puedes encontrar informaci\u00f3n interesante acerca de nosostros &#8211; sobre nuestra historia, nuestra filosof\u00eda y responsabilidad social.<\/p>\n<\/div><\/div><\/div><\/div><\/div><div class=\"fusion-fullwidth fullwidth-box fusion-builder-row-3 fusion-flex-container no-margin-bott m_t120 bl_mobile_100 nonhundred-percent-fullwidth non-hundred-percent-height-scrolling\" style=\"--awb-border-radius-top-left:0px;--awb-border-radius-top-right:0px;--awb-border-radius-bottom-right:0px;--awb-border-radius-bottom-left:0px;--awb-margin-top:0px;--awb-margin-bottom:0px;--awb-flex-wrap:wrap;\" ><div class=\"fusion-builder-row fusion-row fusion-flex-align-items-flex-start fusion-flex-content-wrap\" style=\"max-width:1200.0352px;margin-left: calc(-4% \/ 2 );margin-right: calc(-4% \/ 2 );\"><div class=\"fusion-layout-column fusion_builder_column fusion-builder-column-2 fusion_builder_column_1_2 1_2 fusion-flex-column img_w-50\" style=\"--awb-bg-size:cover;--awb-width-large:50%;--awb-margin-top-large:0px;--awb-spacing-right-large:3.84%;--awb-margin-bottom-large:0px;--awb-spacing-left-large:3.84%;--awb-width-medium:50%;--awb-order-medium:0;--awb-spacing-right-medium:3.84%;--awb-spacing-left-medium:3.84%;--awb-width-small:100%;--awb-order-small:0;--awb-spacing-right-small:1.92%;--awb-spacing-left-small:1.92%;\"><div class=\"fusion-column-wrapper fusion-column-has-shadow fusion-flex-justify-content-flex-start fusion-content-layout-column\"><div class=\"fusion-image-element \" style=\"--awb-caption-title-font-family:var(--h2_typography-font-family);--awb-caption-title-font-weight:var(--h2_typography-font-weight);--awb-caption-title-font-style:var(--h2_typography-font-style);--awb-caption-title-size:var(--h2_typography-font-size);--awb-caption-title-transform:var(--h2_typography-text-transform);--awb-caption-title-line-height:var(--h2_typography-line-height);--awb-caption-title-letter-spacing:var(--h2_typography-letter-spacing);\"><span class=\" fusion-imageframe imageframe-none imageframe-3 hover-type-zoomin\"><img decoding=\"async\" width=\"600\" height=\"600\" alt=\"Sal\u00f3n moderno con grandes ventanas, sof\u00e1 en esquina beige y l\u00e1mpara elegante.\" src=\"https:\/\/wallface.de\/es\/wp-content\/uploads\/sites\/5\/2025\/01\/wallface_paneles_de_pared_sobre_nosotros_quienes_somos.jpg\" class=\"img-responsive wp-image-44046\" srcset=\"https:\/\/wallface.de\/es\/wp-content\/uploads\/sites\/5\/2025\/01\/wallface_paneles_de_pared_sobre_nosotros_quienes_somos-200x200.jpg 200w, https:\/\/wallface.de\/es\/wp-content\/uploads\/sites\/5\/2025\/01\/wallface_paneles_de_pared_sobre_nosotros_quienes_somos-400x400.jpg 400w, https:\/\/wallface.de\/es\/wp-content\/uploads\/sites\/5\/2025\/01\/wallface_paneles_de_pared_sobre_nosotros_quienes_somos.jpg 600w\" sizes=\"(max-width: 640px) 100vw, 600px\" \/><\/span><\/div><\/div><\/div><div class=\"fusion-layout-column fusion_builder_column fusion-builder-column-3 fusion_builder_column_1_2 1_2 fusion-flex-column h_100 align-items_c txt_norm\" style=\"--awb-bg-size:cover;--awb-width-large:50%;--awb-margin-top-large:0px;--awb-spacing-right-large:3.84%;--awb-margin-bottom-large:0px;--awb-spacing-left-large:3.84%;--awb-width-medium:50%;--awb-order-medium:0;--awb-spacing-right-medium:3.84%;--awb-spacing-left-medium:3.84%;--awb-width-small:100%;--awb-order-small:0;--awb-spacing-right-small:1.92%;--awb-spacing-left-small:1.92%;\"><div class=\"fusion-column-wrapper fusion-column-has-shadow fusion-flex-justify-content-flex-start fusion-content-layout-column\"><div class=\"fusion-title title fusion-title-2 fusion-sep-none fusion-title-text fusion-title-size-one f-s_44\"><h1 class=\"fusion-title-heading title-heading-left\" style=\"margin:0;\"><h3>Qui\u00e9nes somos?<\/h3><\/h1><\/div><div class=\"fusion-text fusion-text-2\" style=\"--awb-text-transform:none;\"><p>Fundada el 30 de Septiembre de 2009 en Erkrath (cerca de Duesseldorf, Alemania) la empresa puede mirar atr\u00e1s hacia una considerable historia de \u00e9xito. Representamos calidad, experiencia, confiabilidad y crecimiento continuo. Desarrollamos, producimos y comercializamos un surtido extenso de productos de alta calidad para el interiorismo exclusivo.<\/p>\n<p>Con muchos clientes fieles en m\u00e1s de 100 pa\u00edses e-Delux es uno de los comerciantes importantes de productos para el interiorismo exclusivo.<\/p>\n<\/div><\/div><\/div><\/div><\/div><div class=\"fusion-fullwidth fullwidth-box fusion-builder-row-4 fusion-flex-container no-margin-bott bl_mobile_100 bl_mobile_100_fimg nonhundred-percent-fullwidth non-hundred-percent-height-scrolling\" style=\"--awb-border-radius-top-left:0px;--awb-border-radius-top-right:0px;--awb-border-radius-bottom-right:0px;--awb-border-radius-bottom-left:0px;--awb-flex-wrap:wrap;\" ><div class=\"fusion-builder-row fusion-row fusion-flex-align-items-flex-start fusion-flex-content-wrap\" style=\"max-width:1200.0352px;margin-left: calc(-4% \/ 2 );margin-right: calc(-4% \/ 2 );\"><div class=\"fusion-layout-column fusion_builder_column fusion-builder-column-4 fusion_builder_column_1_2 1_2 fusion-flex-column h_100 align-items_c txt_norm\" style=\"--awb-bg-size:cover;--awb-width-large:50%;--awb-margin-top-large:0px;--awb-spacing-right-large:3.84%;--awb-margin-bottom-large:0px;--awb-spacing-left-large:3.84%;--awb-width-medium:50%;--awb-order-medium:0;--awb-spacing-right-medium:3.84%;--awb-spacing-left-medium:3.84%;--awb-width-small:100%;--awb-order-small:0;--awb-spacing-right-small:1.92%;--awb-spacing-left-small:1.92%;\"><div class=\"fusion-column-wrapper fusion-column-has-shadow fusion-flex-justify-content-flex-start fusion-content-layout-column\"><div class=\"fusion-title title fusion-title-3 fusion-sep-none fusion-title-text fusion-title-size-one f-s_44\"><h1 class=\"fusion-title-heading title-heading-left\" style=\"margin:0;\"><h3>Nuestra filosof\u00eda<\/h3><\/h1><\/div><div class=\"fusion-text fusion-text-3\" style=\"--awb-text-transform:none;\"><p>Lo m\u00e1s importante para nosotros es ofrecer productos que puedan ser manejados de forma f\u00e1cil, tambi\u00e9n por el consumidor final. Adem\u00e1s valoramos la calidad y longevidad de nuestros productos innovadores tal como un excelente servicio al cliente, porque sabemos que estos son los criterios que forman la base para la confiabilidad y la seguridad que una empresa proporciona a trav\u00e9s de sus productos.<\/p>\n<p>Nuestra filosof\u00eda: Para desarrollar ideas de productos innovadores y soluciones para el interiorismo contempor\u00e1neo, e-Delux se orienta primero en las exigencias del cliente.<\/p>\n<p>Tambi\u00e9n creemos que la administraci\u00f3n y la econom\u00eda responsable referente al cliente y a los empleados es igual de importante como la rentabilidad de nuestra empresa.<\/p>\n<\/div><\/div><\/div><div class=\"fusion-layout-column fusion_builder_column fusion-builder-column-5 fusion_builder_column_1_2 1_2 fusion-flex-column img_w-50\" style=\"--awb-bg-size:cover;--awb-width-large:50%;--awb-margin-top-large:0px;--awb-spacing-right-large:3.84%;--awb-margin-bottom-large:0px;--awb-spacing-left-large:3.84%;--awb-width-medium:50%;--awb-order-medium:0;--awb-spacing-right-medium:3.84%;--awb-spacing-left-medium:3.84%;--awb-width-small:100%;--awb-order-small:0;--awb-spacing-right-small:1.92%;--awb-spacing-left-small:1.92%;\"><div class=\"fusion-column-wrapper fusion-column-has-shadow fusion-flex-justify-content-flex-start fusion-content-layout-column\"><div class=\"fusion-image-element \" style=\"--awb-caption-title-font-family:var(--h2_typography-font-family);--awb-caption-title-font-weight:var(--h2_typography-font-weight);--awb-caption-title-font-style:var(--h2_typography-font-style);--awb-caption-title-size:var(--h2_typography-font-size);--awb-caption-title-transform:var(--h2_typography-text-transform);--awb-caption-title-line-height:var(--h2_typography-line-height);--awb-caption-title-letter-spacing:var(--h2_typography-letter-spacing);\"><span class=\" fusion-imageframe imageframe-none imageframe-4 hover-type-zoomin\"><img decoding=\"async\" width=\"600\" height=\"600\" alt=\"Sal\u00f3n moderno con sof\u00e1 de cuero marr\u00f3n, alfombra gris y estanter\u00eda empotrada.\" src=\"https:\/\/wallface.de\/es\/wp-content\/uploads\/sites\/5\/2025\/01\/wallface_paneles_de_pared_sobre_nosotros_filosofia.jpg\" class=\"img-responsive wp-image-44047\" srcset=\"https:\/\/wallface.de\/es\/wp-content\/uploads\/sites\/5\/2025\/01\/wallface_paneles_de_pared_sobre_nosotros_filosofia-200x200.jpg 200w, https:\/\/wallface.de\/es\/wp-content\/uploads\/sites\/5\/2025\/01\/wallface_paneles_de_pared_sobre_nosotros_filosofia-400x400.jpg 400w, https:\/\/wallface.de\/es\/wp-content\/uploads\/sites\/5\/2025\/01\/wallface_paneles_de_pared_sobre_nosotros_filosofia.jpg 600w\" sizes=\"(max-width: 640px) 100vw, 600px\" \/><\/span><\/div><\/div><\/div><\/div><\/div><div class=\"fusion-fullwidth fullwidth-box fusion-builder-row-5 fusion-flex-container bl_mobile_100 nonhundred-percent-fullwidth non-hundred-percent-height-scrolling\" style=\"--awb-border-radius-top-left:0px;--awb-border-radius-top-right:0px;--awb-border-radius-bottom-right:0px;--awb-border-radius-bottom-left:0px;--awb-flex-wrap:wrap;\" ><div class=\"fusion-builder-row fusion-row fusion-flex-align-items-flex-start fusion-flex-content-wrap\" style=\"max-width:1200.0352px;margin-left: calc(-4% \/ 2 );margin-right: calc(-4% \/ 2 );\"><div class=\"fusion-layout-column fusion_builder_column fusion-builder-column-6 fusion_builder_column_1_2 1_2 fusion-flex-column img_w-50\" style=\"--awb-bg-size:cover;--awb-width-large:50%;--awb-margin-top-large:0px;--awb-spacing-right-large:3.84%;--awb-margin-bottom-large:20px;--awb-spacing-left-large:3.84%;--awb-width-medium:50%;--awb-order-medium:0;--awb-spacing-right-medium:3.84%;--awb-spacing-left-medium:3.84%;--awb-width-small:100%;--awb-order-small:0;--awb-spacing-right-small:1.92%;--awb-spacing-left-small:1.92%;\"><div class=\"fusion-column-wrapper fusion-column-has-shadow fusion-flex-justify-content-flex-start fusion-content-layout-column\"><div class=\"fusion-image-element \" style=\"--awb-caption-title-font-family:var(--h2_typography-font-family);--awb-caption-title-font-weight:var(--h2_typography-font-weight);--awb-caption-title-font-style:var(--h2_typography-font-style);--awb-caption-title-size:var(--h2_typography-font-size);--awb-caption-title-transform:var(--h2_typography-text-transform);--awb-caption-title-line-height:var(--h2_typography-line-height);--awb-caption-title-letter-spacing:var(--h2_typography-letter-spacing);\"><span class=\" fusion-imageframe imageframe-none imageframe-5 hover-type-zoomin\"><img decoding=\"async\" width=\"600\" height=\"600\" alt=\"Interior moderno de vest\u00edbulo de hotel con chimenea, sillas verdes y blancas\" src=\"https:\/\/wallface.de\/es\/wp-content\/uploads\/sites\/5\/2025\/01\/wallface_paneles_de_pared_sobre_nosotros_socio.jpg\" class=\"img-responsive wp-image-44048\" srcset=\"https:\/\/wallface.de\/es\/wp-content\/uploads\/sites\/5\/2025\/01\/wallface_paneles_de_pared_sobre_nosotros_socio-200x200.jpg 200w, https:\/\/wallface.de\/es\/wp-content\/uploads\/sites\/5\/2025\/01\/wallface_paneles_de_pared_sobre_nosotros_socio-400x400.jpg 400w, https:\/\/wallface.de\/es\/wp-content\/uploads\/sites\/5\/2025\/01\/wallface_paneles_de_pared_sobre_nosotros_socio.jpg 600w\" sizes=\"(max-width: 640px) 100vw, 600px\" \/><\/span><\/div><\/div><\/div><div class=\"fusion-layout-column fusion_builder_column fusion-builder-column-7 fusion_builder_column_1_2 1_2 fusion-flex-column h_100 align-items_c txt_norm\" style=\"--awb-bg-size:cover;--awb-width-large:50%;--awb-margin-top-large:0px;--awb-spacing-right-large:3.84%;--awb-margin-bottom-large:20px;--awb-spacing-left-large:3.84%;--awb-width-medium:50%;--awb-order-medium:0;--awb-spacing-right-medium:3.84%;--awb-spacing-left-medium:3.84%;--awb-width-small:100%;--awb-order-small:0;--awb-spacing-right-small:1.92%;--awb-spacing-left-small:1.92%;\"><div class=\"fusion-column-wrapper fusion-column-has-shadow fusion-flex-justify-content-flex-start fusion-content-layout-column\"><div class=\"fusion-title title fusion-title-4 fusion-sep-none fusion-title-text fusion-title-size-one f-s_44\"><h1 class=\"fusion-title-heading title-heading-left\" style=\"margin:0;\"><h3>H\u00e1zte socio!<\/h3><\/h1><\/div><div class=\"fusion-text fusion-text-4\" style=\"--awb-text-transform:none;\"><p>Eres comercial de productos para el interiosmo y te interesa distribuir los productos de WallFace en tu regi\u00f3n?<\/p>\n<p>Esperamos tu solicitud!<\/p>\n<\/div><div ><a class=\"fusion-button button-flat fusion-button-default-size button-default fusion-button-default button-1 fusion-button-default-span fusion-button-default-type section_txt-column-url\" target=\"_self\" href=\"https:\/\/wallface.de\/en\/contact\/\"><span class=\"fusion-button-text\">Cont\u00e1ctenos<\/span><i class=\"fa-arrow-right fas button-icon-right\" aria-hidden=\"true\"><\/i><\/a><\/div><\/div><\/div><\/div><\/div><\/p>\n","protected":false},"excerpt":{"rendered":"","protected":false},"author":1,"featured_media":0,"parent":0,"menu_order":0,"comment_status":"closed","ping_status":"closed","template":"100-width.php","meta":{"inline_featured_image":false,"footnotes":""},"class_list":["post-44043","page","type-page","status-publish","hentry"],"yoast_head":"<!-- This site is optimized with the Yoast SEO plugin v22.0 - https:\/\/yoast.com\/wordpress\/plugins\/seo\/ -->\n<title>Sobre Nosotros | Paneles Decorativos de Alta Calidad<\/title>\n<meta name=\"description\" content=\"Descubre la historia y visi\u00f3n de WallFace: expertos en paneles decorativos modernos. Innovaci\u00f3n, dise\u00f1o alem\u00e1n y calidad premium para revestimientos de interiores \u00fanicos.\" \/>\n<meta name=\"robots\" content=\"index, follow, max-snippet:-1, max-image-preview:large, max-video-preview:-1\" \/>\n<link rel=\"canonical\" href=\"https:\/\/wallface.de\/es\/acerca-de-nosotros\/\" \/>\n<meta property=\"og:locale\" content=\"es_ES\" \/>\n<meta property=\"og:type\" content=\"article\" \/>\n<meta property=\"og:title\" content=\"Sobre Nosotros | Paneles Decorativos de Alta Calidad\" \/>\n<meta property=\"og:description\" content=\"Descubre la historia y visi\u00f3n de WallFace: expertos en paneles decorativos modernos. Innovaci\u00f3n, dise\u00f1o alem\u00e1n y calidad premium para revestimientos de interiores \u00fanicos.\" \/>\n<meta property=\"og:url\" content=\"https:\/\/wallface.de\/es\/acerca-de-nosotros\/\" \/>\n<meta property=\"og:site_name\" content=\"wallface\/es\" \/>\n<meta property=\"article:modified_time\" content=\"2025-07-16T14:26:36+00:00\" \/>\n<meta name=\"twitter:card\" content=\"summary_large_image\" \/>\n<script type=\"application\/ld+json\" class=\"yoast-schema-graph\">{\"@context\":\"https:\/\/schema.org\",\"@graph\":[{\"@type\":\"WebPage\",\"@id\":\"https:\/\/wallface.de\/es\/acerca-de-nosotros\/\",\"url\":\"https:\/\/wallface.de\/es\/acerca-de-nosotros\/\",\"name\":\"Sobre Nosotros | Paneles Decorativos de Alta Calidad\",\"isPartOf\":{\"@id\":\"https:\/\/wallface.de\/es\/#website\"},\"datePublished\":\"2025-01-25T10:39:45+00:00\",\"dateModified\":\"2025-07-16T14:26:36+00:00\",\"description\":\"Descubre la historia y visi\u00f3n de WallFace: expertos en paneles decorativos modernos. Innovaci\u00f3n, dise\u00f1o alem\u00e1n y calidad premium para revestimientos de interiores \u00fanicos.\",\"breadcrumb\":{\"@id\":\"https:\/\/wallface.de\/es\/acerca-de-nosotros\/#breadcrumb\"},\"inLanguage\":\"es\",\"potentialAction\":[{\"@type\":\"ReadAction\",\"target\":[\"https:\/\/wallface.de\/es\/acerca-de-nosotros\/\"]}]},{\"@type\":\"BreadcrumbList\",\"@id\":\"https:\/\/wallface.de\/es\/acerca-de-nosotros\/#breadcrumb\",\"itemListElement\":[{\"@type\":\"ListItem\",\"position\":1,\"name\":\"Home\",\"item\":\"https:\/\/wallface.de\/es\/\"},{\"@type\":\"ListItem\",\"position\":2,\"name\":\"Acerca de nosotros\"}]},{\"@type\":\"WebSite\",\"@id\":\"https:\/\/wallface.de\/es\/#website\",\"url\":\"https:\/\/wallface.de\/es\/\",\"name\":\"wallface\/es\",\"description\":\"\",\"potentialAction\":[{\"@type\":\"SearchAction\",\"target\":{\"@type\":\"EntryPoint\",\"urlTemplate\":\"https:\/\/wallface.de\/es\/?s={search_term_string}\"},\"query-input\":\"required name=search_term_string\"}],\"inLanguage\":\"es\"}]}<\/script>\n<!-- \/ Yoast SEO plugin. -->","yoast_head_json":{"title":"Sobre Nosotros | Paneles Decorativos de Alta Calidad","description":"Descubre la historia y visi\u00f3n de WallFace: expertos en paneles decorativos modernos. Innovaci\u00f3n, dise\u00f1o alem\u00e1n y calidad premium para revestimientos de interiores \u00fanicos.","robots":{"index":"index","follow":"follow","max-snippet":"max-snippet:-1","max-image-preview":"max-image-preview:large","max-video-preview":"max-video-preview:-1"},"canonical":"https:\/\/wallface.de\/es\/acerca-de-nosotros\/","og_locale":"es_ES","og_type":"article","og_title":"Sobre Nosotros | Paneles Decorativos de Alta Calidad","og_description":"Descubre la historia y visi\u00f3n de WallFace: expertos en paneles decorativos modernos. Innovaci\u00f3n, dise\u00f1o alem\u00e1n y calidad premium para revestimientos de interiores \u00fanicos.","og_url":"https:\/\/wallface.de\/es\/acerca-de-nosotros\/","og_site_name":"wallface\/es","article_modified_time":"2025-07-16T14:26:36+00:00","twitter_card":"summary_large_image","schema":{"@context":"https:\/\/schema.org","@graph":[{"@type":"WebPage","@id":"https:\/\/wallface.de\/es\/acerca-de-nosotros\/","url":"https:\/\/wallface.de\/es\/acerca-de-nosotros\/","name":"Sobre Nosotros | Paneles Decorativos de Alta Calidad","isPartOf":{"@id":"https:\/\/wallface.de\/es\/#website"},"datePublished":"2025-01-25T10:39:45+00:00","dateModified":"2025-07-16T14:26:36+00:00","description":"Descubre la historia y visi\u00f3n de WallFace: expertos en paneles decorativos modernos. Innovaci\u00f3n, dise\u00f1o alem\u00e1n y calidad premium para revestimientos de interiores \u00fanicos.","breadcrumb":{"@id":"https:\/\/wallface.de\/es\/acerca-de-nosotros\/#breadcrumb"},"inLanguage":"es","potentialAction":[{"@type":"ReadAction","target":["https:\/\/wallface.de\/es\/acerca-de-nosotros\/"]}]},{"@type":"BreadcrumbList","@id":"https:\/\/wallface.de\/es\/acerca-de-nosotros\/#breadcrumb","itemListElement":[{"@type":"ListItem","position":1,"name":"Home","item":"https:\/\/wallface.de\/es\/"},{"@type":"ListItem","position":2,"name":"Acerca de nosotros"}]},{"@type":"WebSite","@id":"https:\/\/wallface.de\/es\/#website","url":"https:\/\/wallface.de\/es\/","name":"wallface\/es","description":"","potentialAction":[{"@type":"SearchAction","target":{"@type":"EntryPoint","urlTemplate":"https:\/\/wallface.de\/es\/?s={search_term_string}"},"query-input":"required name=search_term_string"}],"inLanguage":"es"}]}},"_links":{"self":[{"href":"https:\/\/wallface.de\/es\/wp-json\/wp\/v2\/pages\/44043","targetHints":{"allow":["GET"]}}],"collection":[{"href":"https:\/\/wallface.de\/es\/wp-json\/wp\/v2\/pages"}],"about":[{"href":"https:\/\/wallface.de\/es\/wp-json\/wp\/v2\/types\/page"}],"author":[{"embeddable":true,"href":"https:\/\/wallface.de\/es\/wp-json\/wp\/v2\/users\/1"}],"replies":[{"embeddable":true,"href":"https:\/\/wallface.de\/es\/wp-json\/wp\/v2\/comments?post=44043"}],"version-history":[{"count":1,"href":"https:\/\/wallface.de\/es\/wp-json\/wp\/v2\/pages\/44043\/revisions"}],"predecessor-version":[{"id":44049,"href":"https:\/\/wallface.de\/es\/wp-json\/wp\/v2\/pages\/44043\/revisions\/44049"}],"wp:attachment":[{"href":"https:\/\/wallface.de\/es\/wp-json\/wp\/v2\/media?parent=44043"}],"curies":[{"name":"wp","href":"https:\/\/api.w.org\/{rel}","templated":true}]}}