{"id":44612,"date":"2025-02-02T20:10:45","date_gmt":"2025-02-02T20:10:45","guid":{"rendered":"https:\/\/wallface.de\/es\/?page_id=44612"},"modified":"2025-07-18T07:44:54","modified_gmt":"2025-07-18T07:44:54","slug":"muestra-servicio","status":"publish","type":"page","link":"https:\/\/wallface.de\/es\/muestra-servicio\/","title":{"rendered":"Muestra servicio"},"content":{"rendered":"<p><div class=\"fusion-fullwidth fullwidth-box fusion-builder-row-1 fusion-flex-container margin-full-bl_0 main_img-cat hundred-percent-fullwidth non-hundred-percent-height-scrolling\" style=\"--awb-border-radius-top-left:0px;--awb-border-radius-top-right:0px;--awb-border-radius-bottom-right:0px;--awb-border-radius-bottom-left:0px;--awb-padding-right:0px;--awb-padding-left:0px;--awb-flex-wrap:wrap;\" ><div class=\"fusion-builder-row fusion-row fusion-flex-align-items-flex-start fusion-flex-content-wrap\" style=\"width:104% !important;max-width:104% !important;margin-left: calc(-4% \/ 2 );margin-right: calc(-4% \/ 2 );\"><div class=\"fusion-layout-column fusion_builder_column fusion-builder-column-0 fusion_builder_column_1_1 1_1 fusion-flex-column\" style=\"--awb-bg-size:cover;--awb-width-large:100%;--awb-margin-top-large:0px;--awb-spacing-right-large:1.92%;--awb-margin-bottom-large:20px;--awb-spacing-left-large:1.92%;--awb-width-medium:100%;--awb-order-medium:0;--awb-spacing-right-medium:1.92%;--awb-spacing-left-medium:1.92%;--awb-width-small:100%;--awb-order-small:0;--awb-spacing-right-small:1.92%;--awb-spacing-left-small:1.92%;\"><div class=\"fusion-column-wrapper fusion-column-has-shadow fusion-flex-justify-content-flex-start fusion-content-layout-column\"><div class=\"fusion-image-element \" style=\"--awb-caption-title-font-family:var(--h2_typography-font-family);--awb-caption-title-font-weight:var(--h2_typography-font-weight);--awb-caption-title-font-style:var(--h2_typography-font-style);--awb-caption-title-size:var(--h2_typography-font-size);--awb-caption-title-transform:var(--h2_typography-text-transform);--awb-caption-title-line-height:var(--h2_typography-line-height);--awb-caption-title-letter-spacing:var(--h2_typography-letter-spacing);\"><span class=\" fusion-imageframe imageframe-none imageframe-1 hover-type-none fool-img-desc\"><img decoding=\"async\" width=\"2497\" height=\"900\" alt=\"Un sal\u00f3n moderno con un panel de pared de madera, un sof\u00e1 gris, un sill\u00f3n amarillo, una mesa de centro de vidrio y un puf amarillo.\" src=\"https:\/\/wallface.de\/es\/wp-content\/uploads\/sites\/5\/2025\/02\/wallface_paneles_de_pared_servicios_servicio_de_muestra.jpg\" class=\"img-responsive wp-image-44614\" srcset=\"https:\/\/wallface.de\/es\/wp-content\/uploads\/sites\/5\/2025\/02\/wallface_paneles_de_pared_servicios_servicio_de_muestra-200x72.jpg 200w, https:\/\/wallface.de\/es\/wp-content\/uploads\/sites\/5\/2025\/02\/wallface_paneles_de_pared_servicios_servicio_de_muestra-400x144.jpg 400w, https:\/\/wallface.de\/es\/wp-content\/uploads\/sites\/5\/2025\/02\/wallface_paneles_de_pared_servicios_servicio_de_muestra-600x216.jpg 600w, https:\/\/wallface.de\/es\/wp-content\/uploads\/sites\/5\/2025\/02\/wallface_paneles_de_pared_servicios_servicio_de_muestra-800x288.jpg 800w, https:\/\/wallface.de\/es\/wp-content\/uploads\/sites\/5\/2025\/02\/wallface_paneles_de_pared_servicios_servicio_de_muestra-1200x433.jpg 1200w, https:\/\/wallface.de\/es\/wp-content\/uploads\/sites\/5\/2025\/02\/wallface_paneles_de_pared_servicios_servicio_de_muestra.jpg 2497w\" sizes=\"(max-width: 640px) 100vw, 1200px\" \/><\/span><\/div><div class=\"fusion-image-element \" style=\"--awb-caption-title-font-family:var(--h2_typography-font-family);--awb-caption-title-font-weight:var(--h2_typography-font-weight);--awb-caption-title-font-style:var(--h2_typography-font-style);--awb-caption-title-size:var(--h2_typography-font-size);--awb-caption-title-transform:var(--h2_typography-text-transform);--awb-caption-title-line-height:var(--h2_typography-line-height);--awb-caption-title-letter-spacing:var(--h2_typography-letter-spacing);\"><span class=\" fusion-imageframe imageframe-none imageframe-2 hover-type-none fool-img-mob\"><img decoding=\"async\" width=\"650\" height=\"884\" alt=\"Un sal\u00f3n moderno con un panel de pared de madera, un sof\u00e1 gris, un sill\u00f3n amarillo, una mesa de centro de vidrio y un puf amarillo.\" src=\"https:\/\/wallface.de\/es\/wp-content\/uploads\/sites\/5\/2025\/02\/wallface_paneles_de_pared_servicios_servicio_de_muestra_mob.jpg\" class=\"img-responsive wp-image-44615\" srcset=\"https:\/\/wallface.de\/es\/wp-content\/uploads\/sites\/5\/2025\/02\/wallface_paneles_de_pared_servicios_servicio_de_muestra_mob-200x272.jpg 200w, https:\/\/wallface.de\/es\/wp-content\/uploads\/sites\/5\/2025\/02\/wallface_paneles_de_pared_servicios_servicio_de_muestra_mob-400x544.jpg 400w, https:\/\/wallface.de\/es\/wp-content\/uploads\/sites\/5\/2025\/02\/wallface_paneles_de_pared_servicios_servicio_de_muestra_mob-600x816.jpg 600w, https:\/\/wallface.de\/es\/wp-content\/uploads\/sites\/5\/2025\/02\/wallface_paneles_de_pared_servicios_servicio_de_muestra_mob.jpg 650w\" sizes=\"(max-width: 640px) 100vw, 650px\" \/><\/span><\/div><\/div><\/div><\/div><\/div><div class=\"fusion-fullwidth fullwidth-box fusion-builder-row-2 fusion-flex-container category_top_txt nonhundred-percent-fullwidth non-hundred-percent-height-scrolling\" style=\"--awb-border-radius-top-left:0px;--awb-border-radius-top-right:0px;--awb-border-radius-bottom-right:0px;--awb-border-radius-bottom-left:0px;--awb-padding-top:60px;--awb-padding-bottom:60px;--awb-flex-wrap:wrap;\" ><div class=\"fusion-builder-row fusion-row fusion-flex-align-items-flex-start fusion-flex-content-wrap\" style=\"max-width:1200.0352px;margin-left: calc(-4% \/ 2 );margin-right: calc(-4% \/ 2 );\"><div class=\"fusion-layout-column fusion_builder_column fusion-builder-column-1 fusion_builder_column_1_1 1_1 fusion-flex-column\" style=\"--awb-bg-size:cover;--awb-width-large:100%;--awb-margin-top-large:0px;--awb-spacing-right-large:1.92%;--awb-margin-bottom-large:20px;--awb-spacing-left-large:1.92%;--awb-width-medium:100%;--awb-order-medium:0;--awb-spacing-right-medium:1.92%;--awb-spacing-left-medium:1.92%;--awb-width-small:100%;--awb-order-small:0;--awb-spacing-right-small:1.92%;--awb-spacing-left-small:1.92%;\"><div class=\"fusion-column-wrapper fusion-column-has-shadow fusion-flex-justify-content-flex-start fusion-content-layout-column\"><div class=\"fusion-title title fusion-title-1 fusion-sep-none fusion-title-text fusion-title-size-one title-section\"><h1 class=\"fusion-title-heading title-heading-left\" style=\"margin:0;\"><h1>Servicio de muestras<\/h1><\/h1><\/div><div class=\"fusion-text fusion-text-1 home_subtitle\" style=\"--awb-text-transform:none;\"><p>Para examinar el color, el dise\u00f1o y la calidad de nuestros paneles de pared y revestimientos decorativos es \u00fatil de tener en la mano una muestra de los mismos. As\u00ed tienes la oportunidad de examinar las propiedades de la superficie como el color y la textura en tu propia casa.<br \/>\nD\u00e9jate convencer de la calidad excelente de nuestros productos y prueba las diferentes posibilidades de combinar los paneles con el equipamiento de tus habitaciones.<\/p>\n<\/div><\/div><\/div><\/div><\/div><div class=\"fusion-fullwidth fullwidth-box fusion-builder-row-3 fusion-flex-container no-margin-bott nonhundred-percent-fullwidth non-hundred-percent-height-scrolling\" style=\"--awb-border-radius-top-left:0px;--awb-border-radius-top-right:0px;--awb-border-radius-bottom-right:0px;--awb-border-radius-bottom-left:0px;--awb-margin-top:0px;--awb-margin-bottom:0px;--awb-flex-wrap:wrap;\" ><div class=\"fusion-builder-row fusion-row fusion-flex-align-items-flex-start fusion-flex-content-wrap\" style=\"max-width:1200.0352px;margin-left: calc(-4% \/ 2 );margin-right: calc(-4% \/ 2 );\"><div class=\"fusion-layout-column fusion_builder_column fusion-builder-column-2 fusion_builder_column_1_2 1_2 fusion-flex-column img_w-50\" style=\"--awb-bg-size:cover;--awb-width-large:50%;--awb-margin-top-large:0px;--awb-spacing-right-large:3.84%;--awb-margin-bottom-large:0px;--awb-spacing-left-large:3.84%;--awb-width-medium:50%;--awb-order-medium:0;--awb-spacing-right-medium:3.84%;--awb-spacing-left-medium:3.84%;--awb-width-small:100%;--awb-order-small:0;--awb-spacing-right-small:1.92%;--awb-spacing-left-small:1.92%;\"><div class=\"fusion-column-wrapper fusion-column-has-shadow fusion-flex-justify-content-flex-start fusion-content-layout-column\"><div class=\"fusion-image-element \" style=\"--awb-caption-title-font-family:var(--h2_typography-font-family);--awb-caption-title-font-weight:var(--h2_typography-font-weight);--awb-caption-title-font-style:var(--h2_typography-font-style);--awb-caption-title-size:var(--h2_typography-font-size);--awb-caption-title-transform:var(--h2_typography-text-transform);--awb-caption-title-line-height:var(--h2_typography-line-height);--awb-caption-title-letter-spacing:var(--h2_typography-letter-spacing);\"><span class=\" fusion-imageframe imageframe-none imageframe-3 hover-type-none\"><img decoding=\"async\" width=\"600\" height=\"600\" alt=\"Una variedad de texturas y colores de paneles de pared, dispuestos en forma de abanico.\" src=\"https:\/\/wallface.de\/es\/wp-content\/uploads\/sites\/5\/2025\/02\/wallface_paneles_de_pared_servicios_servicio_de_muestra_img.jpg\" class=\"img-responsive wp-image-44616\" srcset=\"https:\/\/wallface.de\/es\/wp-content\/uploads\/sites\/5\/2025\/02\/wallface_paneles_de_pared_servicios_servicio_de_muestra_img-200x200.jpg 200w, https:\/\/wallface.de\/es\/wp-content\/uploads\/sites\/5\/2025\/02\/wallface_paneles_de_pared_servicios_servicio_de_muestra_img-400x400.jpg 400w, https:\/\/wallface.de\/es\/wp-content\/uploads\/sites\/5\/2025\/02\/wallface_paneles_de_pared_servicios_servicio_de_muestra_img.jpg 600w\" sizes=\"(max-width: 640px) 100vw, 600px\" \/><\/span><\/div><\/div><\/div><div class=\"fusion-layout-column fusion_builder_column fusion-builder-column-3 fusion_builder_column_1_2 1_2 fusion-flex-column h_100 align-items_c txt_norm\" style=\"--awb-bg-size:cover;--awb-width-large:50%;--awb-margin-top-large:0px;--awb-spacing-right-large:3.84%;--awb-margin-bottom-large:0px;--awb-spacing-left-large:3.84%;--awb-width-medium:50%;--awb-order-medium:0;--awb-spacing-right-medium:3.84%;--awb-spacing-left-medium:3.84%;--awb-width-small:100%;--awb-order-small:0;--awb-spacing-right-small:1.92%;--awb-spacing-left-small:1.92%;\"><div class=\"fusion-column-wrapper fusion-column-has-shadow fusion-flex-justify-content-flex-start fusion-content-layout-column\"><div class=\"fusion-title title fusion-title-2 fusion-sep-none fusion-title-text fusion-title-size-one f-s_44\"><h1 class=\"fusion-title-heading title-heading-left\" style=\"margin:0;\"><h2>Order samples<\/h2><\/h1><\/div><div class=\"fusion-text fusion-text-2\" style=\"--awb-text-transform:none;\"><p>Antes de elegir los paneles WallFace, debe asegurarse de seleccionar los dise\u00f1os y materiales adecuados para adaptarse a su estilo y necesidades individuales. Puede solicitar muestras para asegurarse de que los paneles cumplan con sus expectativas. Los paneles WallFace pueden ser una gran manera de mejorar su dise\u00f1o interior y transformar su hogar en un espacio de vida exclusivo.<\/p>\n<p>El servicio de muestra est\u00e1 sujeto a un cargo.<\/p>\n<\/div><div ><a class=\"fusion-button button-flat fusion-button-default-size button-default fusion-button-default button-1 fusion-button-default-span fusion-button-default-type section_txt-column-url btn_style\" target=\"_blank\" rel=\"noopener noreferrer\" href=\"https:\/\/www.wallface-shop.com\/en\/sample-service-wall-panels\"><span class=\"fusion-button-text\">Ir al servicio de muestra<\/span><\/a><\/div><\/div><\/div><\/div><\/div><\/p>\n","protected":false},"excerpt":{"rendered":"","protected":false},"author":1,"featured_media":0,"parent":0,"menu_order":0,"comment_status":"closed","ping_status":"closed","template":"100-width.php","meta":{"inline_featured_image":false,"footnotes":""},"class_list":["post-44612","page","type-page","status-publish","hentry"],"yoast_head":"<!-- This site is optimized with the Yoast SEO plugin v22.0 - https:\/\/yoast.com\/wordpress\/plugins\/seo\/ -->\n<title>Solicita tu muestra gratuita | Paneles decorativos WallFace<\/title>\n<meta name=\"description\" content=\"Prueba la calidad de los paneles decorativos WallFace solicitando una muestra gratuita. Descubre texturas, acabados y dise\u00f1os antes de decidir tu compra.\" \/>\n<meta name=\"robots\" content=\"index, follow, max-snippet:-1, max-image-preview:large, max-video-preview:-1\" \/>\n<link rel=\"canonical\" href=\"https:\/\/wallface.de\/es\/muestra-servicio\/\" \/>\n<meta property=\"og:locale\" content=\"es_ES\" \/>\n<meta property=\"og:type\" content=\"article\" \/>\n<meta property=\"og:title\" content=\"Solicita tu muestra gratuita | Paneles decorativos WallFace\" \/>\n<meta property=\"og:description\" content=\"Prueba la calidad de los paneles decorativos WallFace solicitando una muestra gratuita. Descubre texturas, acabados y dise\u00f1os antes de decidir tu compra.\" \/>\n<meta property=\"og:url\" content=\"https:\/\/wallface.de\/es\/muestra-servicio\/\" \/>\n<meta property=\"og:site_name\" content=\"wallface\/es\" \/>\n<meta property=\"article:modified_time\" content=\"2025-07-18T07:44:54+00:00\" \/>\n<meta name=\"twitter:card\" content=\"summary_large_image\" \/>\n<meta name=\"twitter:label1\" content=\"Tiempo de lectura\" \/>\n\t<meta name=\"twitter:data1\" content=\"2 minutos\" \/>\n<script type=\"application\/ld+json\" class=\"yoast-schema-graph\">{\"@context\":\"https:\/\/schema.org\",\"@graph\":[{\"@type\":\"WebPage\",\"@id\":\"https:\/\/wallface.de\/es\/muestra-servicio\/\",\"url\":\"https:\/\/wallface.de\/es\/muestra-servicio\/\",\"name\":\"Solicita tu muestra gratuita | Paneles decorativos WallFace\",\"isPartOf\":{\"@id\":\"https:\/\/wallface.de\/es\/#website\"},\"datePublished\":\"2025-02-02T20:10:45+00:00\",\"dateModified\":\"2025-07-18T07:44:54+00:00\",\"description\":\"Prueba la calidad de los paneles decorativos WallFace solicitando una muestra gratuita. Descubre texturas, acabados y dise\u00f1os antes de decidir tu compra.\",\"breadcrumb\":{\"@id\":\"https:\/\/wallface.de\/es\/muestra-servicio\/#breadcrumb\"},\"inLanguage\":\"es\",\"potentialAction\":[{\"@type\":\"ReadAction\",\"target\":[\"https:\/\/wallface.de\/es\/muestra-servicio\/\"]}]},{\"@type\":\"BreadcrumbList\",\"@id\":\"https:\/\/wallface.de\/es\/muestra-servicio\/#breadcrumb\",\"itemListElement\":[{\"@type\":\"ListItem\",\"position\":1,\"name\":\"Home\",\"item\":\"https:\/\/wallface.de\/es\/\"},{\"@type\":\"ListItem\",\"position\":2,\"name\":\"Muestra servicio\"}]},{\"@type\":\"WebSite\",\"@id\":\"https:\/\/wallface.de\/es\/#website\",\"url\":\"https:\/\/wallface.de\/es\/\",\"name\":\"wallface\/es\",\"description\":\"\",\"potentialAction\":[{\"@type\":\"SearchAction\",\"target\":{\"@type\":\"EntryPoint\",\"urlTemplate\":\"https:\/\/wallface.de\/es\/?s={search_term_string}\"},\"query-input\":\"required name=search_term_string\"}],\"inLanguage\":\"es\"}]}<\/script>\n<!-- \/ Yoast SEO plugin. -->","yoast_head_json":{"title":"Solicita tu muestra gratuita | Paneles decorativos WallFace","description":"Prueba la calidad de los paneles decorativos WallFace solicitando una muestra gratuita. Descubre texturas, acabados y dise\u00f1os antes de decidir tu compra.","robots":{"index":"index","follow":"follow","max-snippet":"max-snippet:-1","max-image-preview":"max-image-preview:large","max-video-preview":"max-video-preview:-1"},"canonical":"https:\/\/wallface.de\/es\/muestra-servicio\/","og_locale":"es_ES","og_type":"article","og_title":"Solicita tu muestra gratuita | Paneles decorativos WallFace","og_description":"Prueba la calidad de los paneles decorativos WallFace solicitando una muestra gratuita. Descubre texturas, acabados y dise\u00f1os antes de decidir tu compra.","og_url":"https:\/\/wallface.de\/es\/muestra-servicio\/","og_site_name":"wallface\/es","article_modified_time":"2025-07-18T07:44:54+00:00","twitter_card":"summary_large_image","twitter_misc":{"Tiempo de lectura":"2 minutos"},"schema":{"@context":"https:\/\/schema.org","@graph":[{"@type":"WebPage","@id":"https:\/\/wallface.de\/es\/muestra-servicio\/","url":"https:\/\/wallface.de\/es\/muestra-servicio\/","name":"Solicita tu muestra gratuita | Paneles decorativos WallFace","isPartOf":{"@id":"https:\/\/wallface.de\/es\/#website"},"datePublished":"2025-02-02T20:10:45+00:00","dateModified":"2025-07-18T07:44:54+00:00","description":"Prueba la calidad de los paneles decorativos WallFace solicitando una muestra gratuita. Descubre texturas, acabados y dise\u00f1os antes de decidir tu compra.","breadcrumb":{"@id":"https:\/\/wallface.de\/es\/muestra-servicio\/#breadcrumb"},"inLanguage":"es","potentialAction":[{"@type":"ReadAction","target":["https:\/\/wallface.de\/es\/muestra-servicio\/"]}]},{"@type":"BreadcrumbList","@id":"https:\/\/wallface.de\/es\/muestra-servicio\/#breadcrumb","itemListElement":[{"@type":"ListItem","position":1,"name":"Home","item":"https:\/\/wallface.de\/es\/"},{"@type":"ListItem","position":2,"name":"Muestra servicio"}]},{"@type":"WebSite","@id":"https:\/\/wallface.de\/es\/#website","url":"https:\/\/wallface.de\/es\/","name":"wallface\/es","description":"","potentialAction":[{"@type":"SearchAction","target":{"@type":"EntryPoint","urlTemplate":"https:\/\/wallface.de\/es\/?s={search_term_string}"},"query-input":"required name=search_term_string"}],"inLanguage":"es"}]}},"_links":{"self":[{"href":"https:\/\/wallface.de\/es\/wp-json\/wp\/v2\/pages\/44612","targetHints":{"allow":["GET"]}}],"collection":[{"href":"https:\/\/wallface.de\/es\/wp-json\/wp\/v2\/pages"}],"about":[{"href":"https:\/\/wallface.de\/es\/wp-json\/wp\/v2\/types\/page"}],"author":[{"embeddable":true,"href":"https:\/\/wallface.de\/es\/wp-json\/wp\/v2\/users\/1"}],"replies":[{"embeddable":true,"href":"https:\/\/wallface.de\/es\/wp-json\/wp\/v2\/comments?post=44612"}],"version-history":[{"count":2,"href":"https:\/\/wallface.de\/es\/wp-json\/wp\/v2\/pages\/44612\/revisions"}],"predecessor-version":[{"id":44617,"href":"https:\/\/wallface.de\/es\/wp-json\/wp\/v2\/pages\/44612\/revisions\/44617"}],"wp:attachment":[{"href":"https:\/\/wallface.de\/es\/wp-json\/wp\/v2\/media?parent=44612"}],"curies":[{"name":"wp","href":"https:\/\/api.w.org\/{rel}","templated":true}]}}