{"id":12087,"date":"2023-12-27T15:21:29","date_gmt":"2023-12-27T14:21:29","guid":{"rendered":"https:\/\/wallface.de\/fr\/?page_id=12087"},"modified":"2025-07-15T12:14:57","modified_gmt":"2025-07-15T12:14:57","slug":"service-echantillon","status":"publish","type":"page","link":"https:\/\/wallface.de\/fr\/service-echantillon\/","title":{"rendered":"Service \u00e9chantillon"},"content":{"rendered":"<p><div class=\"fusion-fullwidth fullwidth-box fusion-builder-row-1 fusion-flex-container margin-full-bl_0 main_img-cat hundred-percent-fullwidth non-hundred-percent-height-scrolling\" style=\"--awb-border-radius-top-left:0px;--awb-border-radius-top-right:0px;--awb-border-radius-bottom-right:0px;--awb-border-radius-bottom-left:0px;--awb-padding-right:0px;--awb-padding-left:0px;--awb-flex-wrap:wrap;\" ><div class=\"fusion-builder-row fusion-row fusion-flex-align-items-flex-start fusion-flex-content-wrap\" style=\"width:104% !important;max-width:104% !important;margin-left: calc(-4% \/ 2 );margin-right: calc(-4% \/ 2 );\"><div class=\"fusion-layout-column fusion_builder_column fusion-builder-column-0 fusion_builder_column_1_1 1_1 fusion-flex-column\" style=\"--awb-bg-size:cover;--awb-width-large:100%;--awb-margin-top-large:0px;--awb-spacing-right-large:1.92%;--awb-margin-bottom-large:20px;--awb-spacing-left-large:1.92%;--awb-width-medium:100%;--awb-order-medium:0;--awb-spacing-right-medium:1.92%;--awb-spacing-left-medium:1.92%;--awb-width-small:100%;--awb-order-small:0;--awb-spacing-right-small:1.92%;--awb-spacing-left-small:1.92%;\"><div class=\"fusion-column-wrapper fusion-column-has-shadow fusion-flex-justify-content-flex-start fusion-content-layout-column\"><div class=\"fusion-image-element \" style=\"--awb-caption-title-font-family:var(--h2_typography-font-family);--awb-caption-title-font-weight:var(--h2_typography-font-weight);--awb-caption-title-font-style:var(--h2_typography-font-style);--awb-caption-title-size:var(--h2_typography-font-size);--awb-caption-title-transform:var(--h2_typography-text-transform);--awb-caption-title-line-height:var(--h2_typography-line-height);--awb-caption-title-letter-spacing:var(--h2_typography-letter-spacing);\"><span class=\" fusion-imageframe imageframe-none imageframe-1 hover-type-none fool-img-desc\"><img decoding=\"async\" width=\"2497\" height=\"900\" alt=\"Un salon moderne avec un panneau mural en bois, un canap\u00e9 gris, un fauteuil jaune, une table basse en verre et un pouf jaune.\" src=\"https:\/\/wallface.de\/fr\/wp-content\/uploads\/sites\/3\/2025\/03\/wallface_panneaux_muraux_service_echantillon.jpg\" class=\"img-responsive wp-image-58166\" srcset=\"https:\/\/wallface.de\/fr\/wp-content\/uploads\/sites\/3\/2025\/03\/wallface_panneaux_muraux_service_echantillon-200x72.jpg 200w, https:\/\/wallface.de\/fr\/wp-content\/uploads\/sites\/3\/2025\/03\/wallface_panneaux_muraux_service_echantillon-400x144.jpg 400w, https:\/\/wallface.de\/fr\/wp-content\/uploads\/sites\/3\/2025\/03\/wallface_panneaux_muraux_service_echantillon-600x216.jpg 600w, https:\/\/wallface.de\/fr\/wp-content\/uploads\/sites\/3\/2025\/03\/wallface_panneaux_muraux_service_echantillon-800x288.jpg 800w, https:\/\/wallface.de\/fr\/wp-content\/uploads\/sites\/3\/2025\/03\/wallface_panneaux_muraux_service_echantillon-1200x433.jpg 1200w, https:\/\/wallface.de\/fr\/wp-content\/uploads\/sites\/3\/2025\/03\/wallface_panneaux_muraux_service_echantillon.jpg 2497w\" sizes=\"(max-width: 640px) 100vw, 1200px\" \/><\/span><\/div><div class=\"fusion-image-element \" style=\"--awb-caption-title-font-family:var(--h2_typography-font-family);--awb-caption-title-font-weight:var(--h2_typography-font-weight);--awb-caption-title-font-style:var(--h2_typography-font-style);--awb-caption-title-size:var(--h2_typography-font-size);--awb-caption-title-transform:var(--h2_typography-text-transform);--awb-caption-title-line-height:var(--h2_typography-line-height);--awb-caption-title-letter-spacing:var(--h2_typography-letter-spacing);\"><span class=\" fusion-imageframe imageframe-none imageframe-2 hover-type-none fool-img-mob\"><img decoding=\"async\" width=\"650\" height=\"884\" alt=\"Un salon moderne avec un panneau mural en bois, un canap\u00e9 gris, un fauteuil jaune, une table basse en verre et un pouf jaune.\" src=\"https:\/\/wallface.de\/fr\/wp-content\/uploads\/sites\/3\/2025\/03\/wallface_panneaux_muraux_service_echantillon_mob.jpg\" class=\"img-responsive wp-image-58167\" srcset=\"https:\/\/wallface.de\/fr\/wp-content\/uploads\/sites\/3\/2025\/03\/wallface_panneaux_muraux_service_echantillon_mob-200x272.jpg 200w, https:\/\/wallface.de\/fr\/wp-content\/uploads\/sites\/3\/2025\/03\/wallface_panneaux_muraux_service_echantillon_mob-400x544.jpg 400w, https:\/\/wallface.de\/fr\/wp-content\/uploads\/sites\/3\/2025\/03\/wallface_panneaux_muraux_service_echantillon_mob-600x816.jpg 600w, https:\/\/wallface.de\/fr\/wp-content\/uploads\/sites\/3\/2025\/03\/wallface_panneaux_muraux_service_echantillon_mob.jpg 650w\" sizes=\"(max-width: 640px) 100vw, 650px\" \/><\/span><\/div><\/div><\/div><\/div><\/div><div class=\"fusion-fullwidth fullwidth-box fusion-builder-row-2 fusion-flex-container category_top_txt nonhundred-percent-fullwidth non-hundred-percent-height-scrolling\" style=\"--awb-border-radius-top-left:0px;--awb-border-radius-top-right:0px;--awb-border-radius-bottom-right:0px;--awb-border-radius-bottom-left:0px;--awb-padding-top:60px;--awb-padding-bottom:60px;--awb-flex-wrap:wrap;\" ><div class=\"fusion-builder-row fusion-row fusion-flex-align-items-flex-start fusion-flex-content-wrap\" style=\"max-width:1200.0352px;margin-left: calc(-4% \/ 2 );margin-right: calc(-4% \/ 2 );\"><div class=\"fusion-layout-column fusion_builder_column fusion-builder-column-1 fusion_builder_column_1_1 1_1 fusion-flex-column\" style=\"--awb-bg-size:cover;--awb-width-large:100%;--awb-margin-top-large:0px;--awb-spacing-right-large:1.92%;--awb-margin-bottom-large:20px;--awb-spacing-left-large:1.92%;--awb-width-medium:100%;--awb-order-medium:0;--awb-spacing-right-medium:1.92%;--awb-spacing-left-medium:1.92%;--awb-width-small:100%;--awb-order-small:0;--awb-spacing-right-small:1.92%;--awb-spacing-left-small:1.92%;\"><div class=\"fusion-column-wrapper fusion-column-has-shadow fusion-flex-justify-content-flex-start fusion-content-layout-column\"><div class=\"fusion-title title fusion-title-1 fusion-sep-none fusion-title-text fusion-title-size-one title-section\"><h1 class=\"fusion-title-heading title-heading-left\" style=\"margin:0;\"><h1>Service \u00e9chantillon<\/h1><\/h1><\/div><div class=\"fusion-text fusion-text-1 home_subtitle\" style=\"--awb-text-transform:none;\"><p>Il est plus facil de juger la couleur, le dessin et la qualit\u00e9 de nos panneaux muraux et rev\u00eatements d\u00e9coratifs avec un \u00e9chantillon en mains. Ainsi vous avez la possibilit\u00e9 de regarder la couleur et la texture des d\u00e9cors dans vos espaces et de vous convaincre de leur excellente qualit\u00e9. Prenez votre temps pour essayer, combiner et consid\u00e9rer votre d\u00e9cision.<\/p>\n<\/div><\/div><\/div><\/div><\/div><div class=\"fusion-fullwidth fullwidth-box fusion-builder-row-3 fusion-flex-container no-margin-bott nonhundred-percent-fullwidth non-hundred-percent-height-scrolling\" style=\"--awb-border-radius-top-left:0px;--awb-border-radius-top-right:0px;--awb-border-radius-bottom-right:0px;--awb-border-radius-bottom-left:0px;--awb-margin-top:0px;--awb-margin-bottom:0px;--awb-flex-wrap:wrap;\" ><div class=\"fusion-builder-row fusion-row fusion-flex-align-items-flex-start fusion-flex-content-wrap\" style=\"max-width:1200.0352px;margin-left: calc(-4% \/ 2 );margin-right: calc(-4% \/ 2 );\"><div class=\"fusion-layout-column fusion_builder_column fusion-builder-column-2 fusion_builder_column_1_2 1_2 fusion-flex-column img_w-50\" style=\"--awb-bg-size:cover;--awb-width-large:50%;--awb-margin-top-large:0px;--awb-spacing-right-large:3.84%;--awb-margin-bottom-large:0px;--awb-spacing-left-large:3.84%;--awb-width-medium:50%;--awb-order-medium:0;--awb-spacing-right-medium:3.84%;--awb-spacing-left-medium:3.84%;--awb-width-small:100%;--awb-order-small:0;--awb-spacing-right-small:1.92%;--awb-spacing-left-small:1.92%;\"><div class=\"fusion-column-wrapper fusion-column-has-shadow fusion-flex-justify-content-flex-start fusion-content-layout-column\"><div class=\"fusion-image-element \" style=\"--awb-caption-title-font-family:var(--h2_typography-font-family);--awb-caption-title-font-weight:var(--h2_typography-font-weight);--awb-caption-title-font-style:var(--h2_typography-font-style);--awb-caption-title-size:var(--h2_typography-font-size);--awb-caption-title-transform:var(--h2_typography-text-transform);--awb-caption-title-line-height:var(--h2_typography-line-height);--awb-caption-title-letter-spacing:var(--h2_typography-letter-spacing);\"><span class=\" fusion-imageframe imageframe-none imageframe-3 hover-type-none\"><img decoding=\"async\" width=\"600\" height=\"600\" alt=\"Une vari\u00e9t\u00e9 de textures et de couleurs de panneaux muraux, pr\u00e9sent\u00e9s en \u00e9ventail.\" src=\"https:\/\/wallface.de\/fr\/wp-content\/uploads\/sites\/3\/2025\/03\/wallface_panneaux_muraux_service_echantillon_img.jpg\" class=\"img-responsive wp-image-58168\" srcset=\"https:\/\/wallface.de\/fr\/wp-content\/uploads\/sites\/3\/2025\/03\/wallface_panneaux_muraux_service_echantillon_img-200x200.jpg 200w, https:\/\/wallface.de\/fr\/wp-content\/uploads\/sites\/3\/2025\/03\/wallface_panneaux_muraux_service_echantillon_img-400x400.jpg 400w, https:\/\/wallface.de\/fr\/wp-content\/uploads\/sites\/3\/2025\/03\/wallface_panneaux_muraux_service_echantillon_img.jpg 600w\" sizes=\"(max-width: 640px) 100vw, 600px\" \/><\/span><\/div><\/div><\/div><div class=\"fusion-layout-column fusion_builder_column fusion-builder-column-3 fusion_builder_column_1_2 1_2 fusion-flex-column h_100 align-items_c txt_norm\" style=\"--awb-bg-size:cover;--awb-width-large:50%;--awb-margin-top-large:0px;--awb-spacing-right-large:3.84%;--awb-margin-bottom-large:0px;--awb-spacing-left-large:3.84%;--awb-width-medium:50%;--awb-order-medium:0;--awb-spacing-right-medium:3.84%;--awb-spacing-left-medium:3.84%;--awb-width-small:100%;--awb-order-small:0;--awb-spacing-right-small:1.92%;--awb-spacing-left-small:1.92%;\"><div class=\"fusion-column-wrapper fusion-column-has-shadow fusion-flex-justify-content-flex-start fusion-content-layout-column\"><div class=\"fusion-title title fusion-title-2 fusion-sep-none fusion-title-text fusion-title-size-one f-s_44\"><h1 class=\"fusion-title-heading title-heading-left\" style=\"margin:0;\"><h2>Commander des \u00e9chantillons<\/h2><\/h1><\/div><div class=\"fusion-text fusion-text-2\" style=\"--awb-text-transform:none;\"><p>Avant d&rsquo;opter pour des panneaux WallFace, assurez-vous de choisir les designs et les mat\u00e9riaux qui conviennent \u00e0 votre style et \u00e0 vos besoins. Vous pouvez demander des \u00e9chantillons afin de vous assurer que les panneaux r\u00e9pondent \u00e0 vos attentes. Les panneaux WallFace peuvent \u00eatre un excellent moyen d&rsquo;am\u00e9liorer votre int\u00e9rieur et de transformer votre maison en un espace de vie exclusif.<\/p>\n<p>Le service d&rsquo;\u00e9chantillons est payant.<\/p>\n<\/div><div ><a class=\"fusion-button button-flat fusion-button-default-size button-default fusion-button-default button-1 fusion-button-default-span fusion-button-default-type section_txt-column-url btn_style\" target=\"_blank\" rel=\"noopener noreferrer\" href=\"https:\/\/www.wallface-shop.com\/en\/sample-service-wall-panels\"><span class=\"fusion-button-text\">Au service de l\u2019\u00e9chantillon<\/span><\/a><\/div><\/div><\/div><\/div><\/div><\/p>\n","protected":false},"excerpt":{"rendered":"","protected":false},"author":1,"featured_media":0,"parent":0,"menu_order":0,"comment_status":"closed","ping_status":"closed","template":"100-width.php","meta":{"inline_featured_image":false,"footnotes":""},"class_list":["post-12087","page","type-page","status-publish","hentry"],"yoast_head":"<!-- This site is optimized with the Yoast SEO plugin v22.0 - https:\/\/yoast.com\/wordpress\/plugins\/seo\/ -->\n<title>Commandez un \u00e9chantillon de panneau mural WallFace<\/title>\n<meta name=\"description\" content=\"Testez la qualit\u00e9 WallFace avant l\u2019achat ! Commandez facilement un \u00e9chantillon de nos panneaux muraux d\u00e9coratifs. Exp\u00e9dition rapide, id\u00e9ale pour vos projets de d\u00e9coration.\" \/>\n<meta name=\"robots\" content=\"index, follow, max-snippet:-1, max-image-preview:large, max-video-preview:-1\" \/>\n<link rel=\"canonical\" href=\"https:\/\/wallface.de\/fr\/service-echantillon\/\" \/>\n<meta property=\"og:locale\" content=\"fr_FR\" \/>\n<meta property=\"og:type\" content=\"article\" \/>\n<meta property=\"og:title\" content=\"Commandez un \u00e9chantillon de panneau mural WallFace\" \/>\n<meta property=\"og:description\" content=\"Testez la qualit\u00e9 WallFace avant l\u2019achat ! Commandez facilement un \u00e9chantillon de nos panneaux muraux d\u00e9coratifs. Exp\u00e9dition rapide, id\u00e9ale pour vos projets de d\u00e9coration.\" \/>\n<meta property=\"og:url\" content=\"https:\/\/wallface.de\/fr\/service-echantillon\/\" \/>\n<meta property=\"og:site_name\" content=\"wallface\/fr\" \/>\n<meta property=\"article:modified_time\" content=\"2025-07-15T12:14:57+00:00\" \/>\n<meta name=\"twitter:card\" content=\"summary_large_image\" \/>\n<meta name=\"twitter:label1\" content=\"Dur\u00e9e de lecture estim\u00e9e\" \/>\n\t<meta name=\"twitter:data1\" content=\"2 minutes\" \/>\n<script type=\"application\/ld+json\" class=\"yoast-schema-graph\">{\"@context\":\"https:\/\/schema.org\",\"@graph\":[{\"@type\":\"WebPage\",\"@id\":\"https:\/\/wallface.de\/fr\/service-echantillon\/\",\"url\":\"https:\/\/wallface.de\/fr\/service-echantillon\/\",\"name\":\"Commandez un \u00e9chantillon de panneau mural WallFace\",\"isPartOf\":{\"@id\":\"https:\/\/wallface.de\/fr\/#website\"},\"datePublished\":\"2023-12-27T14:21:29+00:00\",\"dateModified\":\"2025-07-15T12:14:57+00:00\",\"description\":\"Testez la qualit\u00e9 WallFace avant l\u2019achat ! Commandez facilement un \u00e9chantillon de nos panneaux muraux d\u00e9coratifs. Exp\u00e9dition rapide, id\u00e9ale pour vos projets de d\u00e9coration.\",\"breadcrumb\":{\"@id\":\"https:\/\/wallface.de\/fr\/service-echantillon\/#breadcrumb\"},\"inLanguage\":\"fr-FR\",\"potentialAction\":[{\"@type\":\"ReadAction\",\"target\":[\"https:\/\/wallface.de\/fr\/service-echantillon\/\"]}]},{\"@type\":\"BreadcrumbList\",\"@id\":\"https:\/\/wallface.de\/fr\/service-echantillon\/#breadcrumb\",\"itemListElement\":[{\"@type\":\"ListItem\",\"position\":1,\"name\":\"Home\",\"item\":\"https:\/\/wallface.de\/fr\/\"},{\"@type\":\"ListItem\",\"position\":2,\"name\":\"Service \u00e9chantillon\"}]},{\"@type\":\"WebSite\",\"@id\":\"https:\/\/wallface.de\/fr\/#website\",\"url\":\"https:\/\/wallface.de\/fr\/\",\"name\":\"wallface\/fr\",\"description\":\"\",\"potentialAction\":[{\"@type\":\"SearchAction\",\"target\":{\"@type\":\"EntryPoint\",\"urlTemplate\":\"https:\/\/wallface.de\/fr\/?s={search_term_string}\"},\"query-input\":\"required name=search_term_string\"}],\"inLanguage\":\"fr-FR\"}]}<\/script>\n<!-- \/ Yoast SEO plugin. -->","yoast_head_json":{"title":"Commandez un \u00e9chantillon de panneau mural WallFace","description":"Testez la qualit\u00e9 WallFace avant l\u2019achat ! Commandez facilement un \u00e9chantillon de nos panneaux muraux d\u00e9coratifs. Exp\u00e9dition rapide, id\u00e9ale pour vos projets de d\u00e9coration.","robots":{"index":"index","follow":"follow","max-snippet":"max-snippet:-1","max-image-preview":"max-image-preview:large","max-video-preview":"max-video-preview:-1"},"canonical":"https:\/\/wallface.de\/fr\/service-echantillon\/","og_locale":"fr_FR","og_type":"article","og_title":"Commandez un \u00e9chantillon de panneau mural WallFace","og_description":"Testez la qualit\u00e9 WallFace avant l\u2019achat ! Commandez facilement un \u00e9chantillon de nos panneaux muraux d\u00e9coratifs. Exp\u00e9dition rapide, id\u00e9ale pour vos projets de d\u00e9coration.","og_url":"https:\/\/wallface.de\/fr\/service-echantillon\/","og_site_name":"wallface\/fr","article_modified_time":"2025-07-15T12:14:57+00:00","twitter_card":"summary_large_image","twitter_misc":{"Dur\u00e9e de lecture estim\u00e9e":"2 minutes"},"schema":{"@context":"https:\/\/schema.org","@graph":[{"@type":"WebPage","@id":"https:\/\/wallface.de\/fr\/service-echantillon\/","url":"https:\/\/wallface.de\/fr\/service-echantillon\/","name":"Commandez un \u00e9chantillon de panneau mural WallFace","isPartOf":{"@id":"https:\/\/wallface.de\/fr\/#website"},"datePublished":"2023-12-27T14:21:29+00:00","dateModified":"2025-07-15T12:14:57+00:00","description":"Testez la qualit\u00e9 WallFace avant l\u2019achat ! Commandez facilement un \u00e9chantillon de nos panneaux muraux d\u00e9coratifs. Exp\u00e9dition rapide, id\u00e9ale pour vos projets de d\u00e9coration.","breadcrumb":{"@id":"https:\/\/wallface.de\/fr\/service-echantillon\/#breadcrumb"},"inLanguage":"fr-FR","potentialAction":[{"@type":"ReadAction","target":["https:\/\/wallface.de\/fr\/service-echantillon\/"]}]},{"@type":"BreadcrumbList","@id":"https:\/\/wallface.de\/fr\/service-echantillon\/#breadcrumb","itemListElement":[{"@type":"ListItem","position":1,"name":"Home","item":"https:\/\/wallface.de\/fr\/"},{"@type":"ListItem","position":2,"name":"Service \u00e9chantillon"}]},{"@type":"WebSite","@id":"https:\/\/wallface.de\/fr\/#website","url":"https:\/\/wallface.de\/fr\/","name":"wallface\/fr","description":"","potentialAction":[{"@type":"SearchAction","target":{"@type":"EntryPoint","urlTemplate":"https:\/\/wallface.de\/fr\/?s={search_term_string}"},"query-input":"required name=search_term_string"}],"inLanguage":"fr-FR"}]}},"_links":{"self":[{"href":"https:\/\/wallface.de\/fr\/wp-json\/wp\/v2\/pages\/12087","targetHints":{"allow":["GET"]}}],"collection":[{"href":"https:\/\/wallface.de\/fr\/wp-json\/wp\/v2\/pages"}],"about":[{"href":"https:\/\/wallface.de\/fr\/wp-json\/wp\/v2\/types\/page"}],"author":[{"embeddable":true,"href":"https:\/\/wallface.de\/fr\/wp-json\/wp\/v2\/users\/1"}],"replies":[{"embeddable":true,"href":"https:\/\/wallface.de\/fr\/wp-json\/wp\/v2\/comments?post=12087"}],"version-history":[{"count":2,"href":"https:\/\/wallface.de\/fr\/wp-json\/wp\/v2\/pages\/12087\/revisions"}],"predecessor-version":[{"id":58169,"href":"https:\/\/wallface.de\/fr\/wp-json\/wp\/v2\/pages\/12087\/revisions\/58169"}],"wp:attachment":[{"href":"https:\/\/wallface.de\/fr\/wp-json\/wp\/v2\/media?parent=12087"}],"curies":[{"name":"wp","href":"https:\/\/api.w.org\/{rel}","templated":true}]}}