{"id":12164,"date":"2023-12-27T15:57:27","date_gmt":"2023-12-27T14:57:27","guid":{"rendered":"https:\/\/wallface.de\/fr\/?page_id=12164"},"modified":"2025-03-03T19:11:52","modified_gmt":"2025-03-03T19:11:52","slug":"qui-sommes-nous","status":"publish","type":"page","link":"https:\/\/wallface.de\/fr\/qui-sommes-nous\/","title":{"rendered":"Qui sommes-nous"},"content":{"rendered":"<p><div class=\"fusion-fullwidth fullwidth-box fusion-builder-row-1 fusion-flex-container hundred-percent-fullwidth non-hundred-percent-height-scrolling\" style=\"--awb-border-radius-top-left:0px;--awb-border-radius-top-right:0px;--awb-border-radius-bottom-right:0px;--awb-border-radius-bottom-left:0px;--awb-padding-right:0px;--awb-padding-left:0px;--awb-flex-wrap:wrap;\" ><div class=\"fusion-builder-row fusion-row fusion-flex-align-items-flex-start fusion-flex-content-wrap\" style=\"width:104% !important;max-width:104% !important;margin-left: calc(-4% \/ 2 );margin-right: calc(-4% \/ 2 );\"><div class=\"fusion-layout-column fusion_builder_column fusion-builder-column-0 fusion_builder_column_1_1 1_1 fusion-flex-column\" style=\"--awb-bg-size:cover;--awb-width-large:100%;--awb-margin-top-large:0px;--awb-spacing-right-large:1.92%;--awb-margin-bottom-large:20px;--awb-spacing-left-large:1.92%;--awb-width-medium:100%;--awb-order-medium:0;--awb-spacing-right-medium:1.92%;--awb-spacing-left-medium:1.92%;--awb-width-small:100%;--awb-order-small:0;--awb-spacing-right-small:1.92%;--awb-spacing-left-small:1.92%;\"><div class=\"fusion-column-wrapper fusion-column-has-shadow fusion-flex-justify-content-flex-start fusion-content-layout-column\"><div class=\"fusion-image-element \" style=\"--awb-caption-title-font-family:var(--h2_typography-font-family);--awb-caption-title-font-weight:var(--h2_typography-font-weight);--awb-caption-title-font-style:var(--h2_typography-font-style);--awb-caption-title-size:var(--h2_typography-font-size);--awb-caption-title-transform:var(--h2_typography-text-transform);--awb-caption-title-line-height:var(--h2_typography-line-height);--awb-caption-title-letter-spacing:var(--h2_typography-letter-spacing);\"><span class=\" fusion-imageframe imageframe-none imageframe-1 hover-type-none fool-img-desc\"><img decoding=\"async\" width=\"2500\" height=\"900\" alt=\"Salon moderne avec deux fauteuils, une \u00e9tag\u00e8re et des d\u00e9corations.\" src=\"https:\/\/wallface.de\/fr\/wp-content\/uploads\/sites\/3\/2025\/03\/wallface_panneaux_muraux_qui_sommes_nous.jpg\" class=\"img-responsive wp-image-58179\" srcset=\"https:\/\/wallface.de\/fr\/wp-content\/uploads\/sites\/3\/2025\/03\/wallface_panneaux_muraux_qui_sommes_nous-200x72.jpg 200w, https:\/\/wallface.de\/fr\/wp-content\/uploads\/sites\/3\/2025\/03\/wallface_panneaux_muraux_qui_sommes_nous-400x144.jpg 400w, https:\/\/wallface.de\/fr\/wp-content\/uploads\/sites\/3\/2025\/03\/wallface_panneaux_muraux_qui_sommes_nous-600x216.jpg 600w, https:\/\/wallface.de\/fr\/wp-content\/uploads\/sites\/3\/2025\/03\/wallface_panneaux_muraux_qui_sommes_nous-800x288.jpg 800w, https:\/\/wallface.de\/fr\/wp-content\/uploads\/sites\/3\/2025\/03\/wallface_panneaux_muraux_qui_sommes_nous-1200x432.jpg 1200w, https:\/\/wallface.de\/fr\/wp-content\/uploads\/sites\/3\/2025\/03\/wallface_panneaux_muraux_qui_sommes_nous.jpg 2500w\" sizes=\"(max-width: 640px) 100vw, 1200px\" \/><\/span><\/div><div class=\"fusion-image-element \" style=\"--awb-caption-title-font-family:var(--h2_typography-font-family);--awb-caption-title-font-weight:var(--h2_typography-font-weight);--awb-caption-title-font-style:var(--h2_typography-font-style);--awb-caption-title-size:var(--h2_typography-font-size);--awb-caption-title-transform:var(--h2_typography-text-transform);--awb-caption-title-line-height:var(--h2_typography-line-height);--awb-caption-title-letter-spacing:var(--h2_typography-letter-spacing);\"><span class=\" fusion-imageframe imageframe-none imageframe-2 hover-type-none fool-img-mob\"><img decoding=\"async\" width=\"650\" height=\"884\" alt=\"Salon moderne avec un fauteuil, des \u00e9tag\u00e8res et des d\u00e9corations.\" src=\"https:\/\/wallface.de\/fr\/wp-content\/uploads\/sites\/3\/2025\/03\/wallface_panneaux_muraux_qui_sommes_nous_mob.jpg\" class=\"img-responsive wp-image-58180\" srcset=\"https:\/\/wallface.de\/fr\/wp-content\/uploads\/sites\/3\/2025\/03\/wallface_panneaux_muraux_qui_sommes_nous_mob-200x272.jpg 200w, https:\/\/wallface.de\/fr\/wp-content\/uploads\/sites\/3\/2025\/03\/wallface_panneaux_muraux_qui_sommes_nous_mob-400x544.jpg 400w, https:\/\/wallface.de\/fr\/wp-content\/uploads\/sites\/3\/2025\/03\/wallface_panneaux_muraux_qui_sommes_nous_mob-600x816.jpg 600w, https:\/\/wallface.de\/fr\/wp-content\/uploads\/sites\/3\/2025\/03\/wallface_panneaux_muraux_qui_sommes_nous_mob.jpg 650w\" sizes=\"(max-width: 640px) 100vw, 650px\" \/><\/span><\/div><\/div><\/div><\/div><\/div><div class=\"fusion-fullwidth fullwidth-box fusion-builder-row-2 fusion-flex-container nonhundred-percent-fullwidth non-hundred-percent-height-scrolling\" style=\"--awb-border-radius-top-left:0px;--awb-border-radius-top-right:0px;--awb-border-radius-bottom-right:0px;--awb-border-radius-bottom-left:0px;--awb-flex-wrap:wrap;\" ><div class=\"fusion-builder-row fusion-row fusion-flex-align-items-flex-start fusion-flex-content-wrap\" style=\"max-width:1200.0352px;margin-left: calc(-4% \/ 2 );margin-right: calc(-4% \/ 2 );\"><div class=\"fusion-layout-column fusion_builder_column fusion-builder-column-1 fusion_builder_column_1_1 1_1 fusion-flex-column\" style=\"--awb-bg-size:cover;--awb-width-large:100%;--awb-margin-top-large:0px;--awb-spacing-right-large:1.92%;--awb-margin-bottom-large:20px;--awb-spacing-left-large:1.92%;--awb-width-medium:100%;--awb-order-medium:0;--awb-spacing-right-medium:1.92%;--awb-spacing-left-medium:1.92%;--awb-width-small:100%;--awb-order-small:0;--awb-spacing-right-small:1.92%;--awb-spacing-left-small:1.92%;\"><div class=\"fusion-column-wrapper fusion-column-has-shadow fusion-flex-justify-content-flex-start fusion-content-layout-column\"><div class=\"fusion-title title fusion-title-1 fusion-sep-none fusion-title-text fusion-title-size-one title-section\"><h1 class=\"fusion-title-heading title-heading-left\" style=\"margin:0;\"><h1>Qui sommes-nous<\/h1><\/h1><\/div><div class=\"fusion-text fusion-text-1 home_subtitle\" style=\"--awb-text-transform:none;\"><p>WallFace est la marque premium de e-Delux GmbH. Vous trouverez ici des informations utiles sur notre entreprise \u2013 notre histoire, nos valeurs et notre responsabilit\u00e9 sociale ainsi que nos autres activit\u00e9s.<\/p>\n<\/div><\/div><\/div><\/div><\/div><div class=\"fusion-fullwidth fullwidth-box fusion-builder-row-3 fusion-flex-container no-margin-bott m_t120 bl_mobile_100 nonhundred-percent-fullwidth non-hundred-percent-height-scrolling\" style=\"--awb-border-radius-top-left:0px;--awb-border-radius-top-right:0px;--awb-border-radius-bottom-right:0px;--awb-border-radius-bottom-left:0px;--awb-margin-top:0px;--awb-margin-bottom:0px;--awb-flex-wrap:wrap;\" ><div class=\"fusion-builder-row fusion-row fusion-flex-align-items-flex-start fusion-flex-content-wrap\" style=\"max-width:1200.0352px;margin-left: calc(-4% \/ 2 );margin-right: calc(-4% \/ 2 );\"><div class=\"fusion-layout-column fusion_builder_column fusion-builder-column-2 fusion_builder_column_1_2 1_2 fusion-flex-column img_w-50\" style=\"--awb-bg-size:cover;--awb-width-large:50%;--awb-margin-top-large:0px;--awb-spacing-right-large:3.84%;--awb-margin-bottom-large:0px;--awb-spacing-left-large:3.84%;--awb-width-medium:50%;--awb-order-medium:0;--awb-spacing-right-medium:3.84%;--awb-spacing-left-medium:3.84%;--awb-width-small:100%;--awb-order-small:0;--awb-spacing-right-small:1.92%;--awb-spacing-left-small:1.92%;\"><div class=\"fusion-column-wrapper fusion-column-has-shadow fusion-flex-justify-content-flex-start fusion-content-layout-column\"><div class=\"fusion-image-element \" style=\"--awb-caption-title-font-family:var(--h2_typography-font-family);--awb-caption-title-font-weight:var(--h2_typography-font-weight);--awb-caption-title-font-style:var(--h2_typography-font-style);--awb-caption-title-size:var(--h2_typography-font-size);--awb-caption-title-transform:var(--h2_typography-text-transform);--awb-caption-title-line-height:var(--h2_typography-line-height);--awb-caption-title-letter-spacing:var(--h2_typography-letter-spacing);\"><span class=\" fusion-imageframe imageframe-none imageframe-3 hover-type-zoomin\"><img decoding=\"async\" width=\"600\" height=\"600\" alt=\"Salon moderne avec de grandes fen\u00eatres, canap\u00e9 d&#039;angle beige et lustre \u00e9l\u00e9gant.\" src=\"https:\/\/wallface.de\/fr\/wp-content\/uploads\/sites\/3\/2025\/03\/wallface_panneaux_muraux_qui_sommes_nous_a_propos_de_nous.jpg\" class=\"img-responsive wp-image-58181\" srcset=\"https:\/\/wallface.de\/fr\/wp-content\/uploads\/sites\/3\/2025\/03\/wallface_panneaux_muraux_qui_sommes_nous_a_propos_de_nous-200x200.jpg 200w, https:\/\/wallface.de\/fr\/wp-content\/uploads\/sites\/3\/2025\/03\/wallface_panneaux_muraux_qui_sommes_nous_a_propos_de_nous-400x400.jpg 400w, https:\/\/wallface.de\/fr\/wp-content\/uploads\/sites\/3\/2025\/03\/wallface_panneaux_muraux_qui_sommes_nous_a_propos_de_nous.jpg 600w\" sizes=\"(max-width: 640px) 100vw, 600px\" \/><\/span><\/div><\/div><\/div><div class=\"fusion-layout-column fusion_builder_column fusion-builder-column-3 fusion_builder_column_1_2 1_2 fusion-flex-column h_100 align-items_c txt_norm\" style=\"--awb-bg-size:cover;--awb-width-large:50%;--awb-margin-top-large:0px;--awb-spacing-right-large:3.84%;--awb-margin-bottom-large:0px;--awb-spacing-left-large:3.84%;--awb-width-medium:50%;--awb-order-medium:0;--awb-spacing-right-medium:3.84%;--awb-spacing-left-medium:3.84%;--awb-width-small:100%;--awb-order-small:0;--awb-spacing-right-small:1.92%;--awb-spacing-left-small:1.92%;\"><div class=\"fusion-column-wrapper fusion-column-has-shadow fusion-flex-justify-content-flex-start fusion-content-layout-column\"><div class=\"fusion-title title fusion-title-2 fusion-sep-none fusion-title-text fusion-title-size-one f-s_44\"><h1 class=\"fusion-title-heading title-heading-left\" style=\"margin:0;\"><h3>Qui nous sommes?<\/h3><\/h1><\/div><div class=\"fusion-text fusion-text-2\" style=\"--awb-text-transform:none;\"><p>Fond\u00e9e le 30\/09\/2009 \u00e0 Erkath (pr\u00e8s de D\u00fcsseldorf en Allemagne), l\u2019entreprise peut aujourd\u2019hui \u00eatre fi\u00e8re de son succ\u00e8s. Notre entreprise est reconnue pour sa qualit\u00e9, son exp\u00e9rience et sa fiabilit\u00e9. Et pour son d\u00e9veloppement constant. Nous concevons, produisons et commercialisons une gamme vari\u00e9e de produits haut de gamme pour l\u2019agencement d\u2019int\u00e9rieur.<\/p>\n<p>Avec de nombreux clients fid\u00e8les dans plus de 100 pays, e-Delux est l\u2019un des principaux distributeurs de produits de d\u00e9coration d\u2019int\u00e9rieurs.<\/p>\n<\/div><\/div><\/div><\/div><\/div><div class=\"fusion-fullwidth fullwidth-box fusion-builder-row-4 fusion-flex-container no-margin-bott bl_mobile_100 bl_mobile_100_fimg nonhundred-percent-fullwidth non-hundred-percent-height-scrolling\" style=\"--awb-border-radius-top-left:0px;--awb-border-radius-top-right:0px;--awb-border-radius-bottom-right:0px;--awb-border-radius-bottom-left:0px;--awb-flex-wrap:wrap;\" ><div class=\"fusion-builder-row fusion-row fusion-flex-align-items-flex-start fusion-flex-content-wrap\" style=\"max-width:1200.0352px;margin-left: calc(-4% \/ 2 );margin-right: calc(-4% \/ 2 );\"><div class=\"fusion-layout-column fusion_builder_column fusion-builder-column-4 fusion_builder_column_1_2 1_2 fusion-flex-column h_100 align-items_c txt_norm\" style=\"--awb-bg-size:cover;--awb-width-large:50%;--awb-margin-top-large:0px;--awb-spacing-right-large:3.84%;--awb-margin-bottom-large:0px;--awb-spacing-left-large:3.84%;--awb-width-medium:50%;--awb-order-medium:0;--awb-spacing-right-medium:3.84%;--awb-spacing-left-medium:3.84%;--awb-width-small:100%;--awb-order-small:0;--awb-spacing-right-small:1.92%;--awb-spacing-left-small:1.92%;\"><div class=\"fusion-column-wrapper fusion-column-has-shadow fusion-flex-justify-content-flex-start fusion-content-layout-column\"><div class=\"fusion-title title fusion-title-3 fusion-sep-none fusion-title-text fusion-title-size-one f-s_44\"><h1 class=\"fusion-title-heading title-heading-left\" style=\"margin:0;\"><h3>Notre philosophie<\/h3><\/h1><\/div><div class=\"fusion-text fusion-text-3\" style=\"--awb-text-transform:none;\"><p>Notre priorit\u00e9 : cr\u00e9er des produits faciles d\u2019utilisation, d\u2019excellente qualit\u00e9 et durables. La qualit\u00e9 de nos services \u00e0 la client\u00e8le et nos produits innovants sont synonymes pour nous de confiance et de s\u00e9curit\u00e9.<\/p>\n<p>Notre philosophie ? e-Delux cherche \u00e0 d\u00e9velopper des concepts de produits innovants et des solutions d\u2019am\u00e9nagement contemporaines qui r\u00e9pondent aux exigences du march\u00e9 et aux besoins des clients.<\/p>\n<p>Pour nous, la durabilit\u00e9 et une conduite responsable vis-\u00e0-vis de nos clients et de nos coll\u00e8gues sont aussi importantes que la rentabilit\u00e9.<\/p>\n<\/div><\/div><\/div><div class=\"fusion-layout-column fusion_builder_column fusion-builder-column-5 fusion_builder_column_1_2 1_2 fusion-flex-column img_w-50\" style=\"--awb-bg-size:cover;--awb-width-large:50%;--awb-margin-top-large:0px;--awb-spacing-right-large:3.84%;--awb-margin-bottom-large:0px;--awb-spacing-left-large:3.84%;--awb-width-medium:50%;--awb-order-medium:0;--awb-spacing-right-medium:3.84%;--awb-spacing-left-medium:3.84%;--awb-width-small:100%;--awb-order-small:0;--awb-spacing-right-small:1.92%;--awb-spacing-left-small:1.92%;\"><div class=\"fusion-column-wrapper fusion-column-has-shadow fusion-flex-justify-content-flex-start fusion-content-layout-column\"><div class=\"fusion-image-element \" style=\"--awb-caption-title-font-family:var(--h2_typography-font-family);--awb-caption-title-font-weight:var(--h2_typography-font-weight);--awb-caption-title-font-style:var(--h2_typography-font-style);--awb-caption-title-size:var(--h2_typography-font-size);--awb-caption-title-transform:var(--h2_typography-text-transform);--awb-caption-title-line-height:var(--h2_typography-line-height);--awb-caption-title-letter-spacing:var(--h2_typography-letter-spacing);\"><span class=\" fusion-imageframe imageframe-none imageframe-4 hover-type-zoomin\"><img decoding=\"async\" width=\"600\" height=\"600\" alt=\"Salon moderne avec canap\u00e9 en cuir marron, tapis gris et \u00e9tag\u00e8re int\u00e9gr\u00e9e.\" src=\"https:\/\/wallface.de\/fr\/wp-content\/uploads\/sites\/3\/2025\/03\/wallface_panneaux_muraux_qui_sommes_nous_philosophie.jpg\" class=\"img-responsive wp-image-58182\" srcset=\"https:\/\/wallface.de\/fr\/wp-content\/uploads\/sites\/3\/2025\/03\/wallface_panneaux_muraux_qui_sommes_nous_philosophie-200x200.jpg 200w, https:\/\/wallface.de\/fr\/wp-content\/uploads\/sites\/3\/2025\/03\/wallface_panneaux_muraux_qui_sommes_nous_philosophie-400x400.jpg 400w, https:\/\/wallface.de\/fr\/wp-content\/uploads\/sites\/3\/2025\/03\/wallface_panneaux_muraux_qui_sommes_nous_philosophie.jpg 600w\" sizes=\"(max-width: 640px) 100vw, 600px\" \/><\/span><\/div><\/div><\/div><\/div><\/div><div class=\"fusion-fullwidth fullwidth-box fusion-builder-row-5 fusion-flex-container bl_mobile_100 nonhundred-percent-fullwidth non-hundred-percent-height-scrolling\" style=\"--awb-border-radius-top-left:0px;--awb-border-radius-top-right:0px;--awb-border-radius-bottom-right:0px;--awb-border-radius-bottom-left:0px;--awb-flex-wrap:wrap;\" ><div class=\"fusion-builder-row fusion-row fusion-flex-align-items-flex-start fusion-flex-content-wrap\" style=\"max-width:1200.0352px;margin-left: calc(-4% \/ 2 );margin-right: calc(-4% \/ 2 );\"><div class=\"fusion-layout-column fusion_builder_column fusion-builder-column-6 fusion_builder_column_1_2 1_2 fusion-flex-column img_w-50\" style=\"--awb-bg-size:cover;--awb-width-large:50%;--awb-margin-top-large:0px;--awb-spacing-right-large:3.84%;--awb-margin-bottom-large:20px;--awb-spacing-left-large:3.84%;--awb-width-medium:50%;--awb-order-medium:0;--awb-spacing-right-medium:3.84%;--awb-spacing-left-medium:3.84%;--awb-width-small:100%;--awb-order-small:0;--awb-spacing-right-small:1.92%;--awb-spacing-left-small:1.92%;\"><div class=\"fusion-column-wrapper fusion-column-has-shadow fusion-flex-justify-content-flex-start fusion-content-layout-column\"><div class=\"fusion-image-element \" style=\"--awb-caption-title-font-family:var(--h2_typography-font-family);--awb-caption-title-font-weight:var(--h2_typography-font-weight);--awb-caption-title-font-style:var(--h2_typography-font-style);--awb-caption-title-size:var(--h2_typography-font-size);--awb-caption-title-transform:var(--h2_typography-text-transform);--awb-caption-title-line-height:var(--h2_typography-line-height);--awb-caption-title-letter-spacing:var(--h2_typography-letter-spacing);\"><span class=\" fusion-imageframe imageframe-none imageframe-5 hover-type-zoomin\"><img decoding=\"async\" width=\"600\" height=\"600\" alt=\"Int\u00e9rieur moderne de hall d&#039;h\u00f4tel avec chemin\u00e9e, fauteuils verts et blancs.\" src=\"https:\/\/wallface.de\/fr\/wp-content\/uploads\/sites\/3\/2025\/03\/wallface_panneaux_muraux_qui_sommes_nous_partner.jpg\" class=\"img-responsive wp-image-58183\" srcset=\"https:\/\/wallface.de\/fr\/wp-content\/uploads\/sites\/3\/2025\/03\/wallface_panneaux_muraux_qui_sommes_nous_partner-200x200.jpg 200w, https:\/\/wallface.de\/fr\/wp-content\/uploads\/sites\/3\/2025\/03\/wallface_panneaux_muraux_qui_sommes_nous_partner-400x400.jpg 400w, https:\/\/wallface.de\/fr\/wp-content\/uploads\/sites\/3\/2025\/03\/wallface_panneaux_muraux_qui_sommes_nous_partner.jpg 600w\" sizes=\"(max-width: 640px) 100vw, 600px\" \/><\/span><\/div><\/div><\/div><div class=\"fusion-layout-column fusion_builder_column fusion-builder-column-7 fusion_builder_column_1_2 1_2 fusion-flex-column h_100 align-items_c txt_norm\" style=\"--awb-bg-size:cover;--awb-width-large:50%;--awb-margin-top-large:0px;--awb-spacing-right-large:3.84%;--awb-margin-bottom-large:20px;--awb-spacing-left-large:3.84%;--awb-width-medium:50%;--awb-order-medium:0;--awb-spacing-right-medium:3.84%;--awb-spacing-left-medium:3.84%;--awb-width-small:100%;--awb-order-small:0;--awb-spacing-right-small:1.92%;--awb-spacing-left-small:1.92%;\"><div class=\"fusion-column-wrapper fusion-column-has-shadow fusion-flex-justify-content-flex-start fusion-content-layout-column\"><div class=\"fusion-title title fusion-title-4 fusion-sep-none fusion-title-text fusion-title-size-one f-s_44\"><h1 class=\"fusion-title-heading title-heading-left\" style=\"margin:0;\"><h3>Devenir partenaire<\/h3><\/h1><\/div><div class=\"fusion-text fusion-text-4\" style=\"--awb-text-transform:none;\"><p>Vous \u00eates commer\u00e7ant et vous souhaitez proposer les produits WallFace dans votre r\u00e9gion?<br \/>\nNous attendons avec impatience votre demande!<\/p>\n<\/div><div ><a class=\"fusion-button button-flat fusion-button-default-size button-default fusion-button-default button-1 fusion-button-default-span fusion-button-default-type section_txt-column-url\" target=\"_self\" href=\"https:\/\/wallface.de\/fr\/contact\/\"><span class=\"fusion-button-text\">Nous contacter<\/span><i class=\"fa-arrow-right fas button-icon-right\" aria-hidden=\"true\"><\/i><\/a><\/div><\/div><\/div><\/div><\/div><\/p>\n","protected":false},"excerpt":{"rendered":"","protected":false},"author":1,"featured_media":0,"parent":0,"menu_order":0,"comment_status":"closed","ping_status":"closed","template":"100-width.php","meta":{"inline_featured_image":false,"footnotes":""},"class_list":["post-12164","page","type-page","status-publish","hentry"],"yoast_head":"<!-- This site is optimized with the Yoast SEO plugin v22.0 - https:\/\/yoast.com\/wordpress\/plugins\/seo\/ -->\n<title>Qui sommes-nous - wallface\/fr<\/title>\n<meta name=\"robots\" content=\"index, follow, max-snippet:-1, max-image-preview:large, max-video-preview:-1\" \/>\n<link rel=\"canonical\" href=\"https:\/\/wallface.de\/fr\/qui-sommes-nous\/\" \/>\n<meta property=\"og:locale\" content=\"fr_FR\" \/>\n<meta property=\"og:type\" content=\"article\" \/>\n<meta property=\"og:title\" content=\"Qui sommes-nous - wallface\/fr\" \/>\n<meta property=\"og:url\" content=\"https:\/\/wallface.de\/fr\/qui-sommes-nous\/\" \/>\n<meta property=\"og:site_name\" content=\"wallface\/fr\" \/>\n<meta property=\"article:modified_time\" content=\"2025-03-03T19:11:52+00:00\" \/>\n<meta name=\"twitter:card\" content=\"summary_large_image\" \/>\n<meta name=\"twitter:label1\" content=\"Dur\u00e9e de lecture estim\u00e9e\" \/>\n\t<meta name=\"twitter:data1\" content=\"3 minutes\" \/>\n<script type=\"application\/ld+json\" class=\"yoast-schema-graph\">{\"@context\":\"https:\/\/schema.org\",\"@graph\":[{\"@type\":\"WebPage\",\"@id\":\"https:\/\/wallface.de\/fr\/qui-sommes-nous\/\",\"url\":\"https:\/\/wallface.de\/fr\/qui-sommes-nous\/\",\"name\":\"Qui sommes-nous - wallface\/fr\",\"isPartOf\":{\"@id\":\"https:\/\/wallface.de\/fr\/#website\"},\"datePublished\":\"2023-12-27T14:57:27+00:00\",\"dateModified\":\"2025-03-03T19:11:52+00:00\",\"breadcrumb\":{\"@id\":\"https:\/\/wallface.de\/fr\/qui-sommes-nous\/#breadcrumb\"},\"inLanguage\":\"fr-FR\",\"potentialAction\":[{\"@type\":\"ReadAction\",\"target\":[\"https:\/\/wallface.de\/fr\/qui-sommes-nous\/\"]}]},{\"@type\":\"BreadcrumbList\",\"@id\":\"https:\/\/wallface.de\/fr\/qui-sommes-nous\/#breadcrumb\",\"itemListElement\":[{\"@type\":\"ListItem\",\"position\":1,\"name\":\"Home\",\"item\":\"https:\/\/wallface.de\/fr\/\"},{\"@type\":\"ListItem\",\"position\":2,\"name\":\"Qui sommes-nous\"}]},{\"@type\":\"WebSite\",\"@id\":\"https:\/\/wallface.de\/fr\/#website\",\"url\":\"https:\/\/wallface.de\/fr\/\",\"name\":\"wallface\/fr\",\"description\":\"\",\"potentialAction\":[{\"@type\":\"SearchAction\",\"target\":{\"@type\":\"EntryPoint\",\"urlTemplate\":\"https:\/\/wallface.de\/fr\/?s={search_term_string}\"},\"query-input\":\"required name=search_term_string\"}],\"inLanguage\":\"fr-FR\"}]}<\/script>\n<!-- \/ Yoast SEO plugin. -->","yoast_head_json":{"title":"Qui sommes-nous - wallface\/fr","robots":{"index":"index","follow":"follow","max-snippet":"max-snippet:-1","max-image-preview":"max-image-preview:large","max-video-preview":"max-video-preview:-1"},"canonical":"https:\/\/wallface.de\/fr\/qui-sommes-nous\/","og_locale":"fr_FR","og_type":"article","og_title":"Qui sommes-nous - wallface\/fr","og_url":"https:\/\/wallface.de\/fr\/qui-sommes-nous\/","og_site_name":"wallface\/fr","article_modified_time":"2025-03-03T19:11:52+00:00","twitter_card":"summary_large_image","twitter_misc":{"Dur\u00e9e de lecture estim\u00e9e":"3 minutes"},"schema":{"@context":"https:\/\/schema.org","@graph":[{"@type":"WebPage","@id":"https:\/\/wallface.de\/fr\/qui-sommes-nous\/","url":"https:\/\/wallface.de\/fr\/qui-sommes-nous\/","name":"Qui sommes-nous - wallface\/fr","isPartOf":{"@id":"https:\/\/wallface.de\/fr\/#website"},"datePublished":"2023-12-27T14:57:27+00:00","dateModified":"2025-03-03T19:11:52+00:00","breadcrumb":{"@id":"https:\/\/wallface.de\/fr\/qui-sommes-nous\/#breadcrumb"},"inLanguage":"fr-FR","potentialAction":[{"@type":"ReadAction","target":["https:\/\/wallface.de\/fr\/qui-sommes-nous\/"]}]},{"@type":"BreadcrumbList","@id":"https:\/\/wallface.de\/fr\/qui-sommes-nous\/#breadcrumb","itemListElement":[{"@type":"ListItem","position":1,"name":"Home","item":"https:\/\/wallface.de\/fr\/"},{"@type":"ListItem","position":2,"name":"Qui sommes-nous"}]},{"@type":"WebSite","@id":"https:\/\/wallface.de\/fr\/#website","url":"https:\/\/wallface.de\/fr\/","name":"wallface\/fr","description":"","potentialAction":[{"@type":"SearchAction","target":{"@type":"EntryPoint","urlTemplate":"https:\/\/wallface.de\/fr\/?s={search_term_string}"},"query-input":"required name=search_term_string"}],"inLanguage":"fr-FR"}]}},"_links":{"self":[{"href":"https:\/\/wallface.de\/fr\/wp-json\/wp\/v2\/pages\/12164","targetHints":{"allow":["GET"]}}],"collection":[{"href":"https:\/\/wallface.de\/fr\/wp-json\/wp\/v2\/pages"}],"about":[{"href":"https:\/\/wallface.de\/fr\/wp-json\/wp\/v2\/types\/page"}],"author":[{"embeddable":true,"href":"https:\/\/wallface.de\/fr\/wp-json\/wp\/v2\/users\/1"}],"replies":[{"embeddable":true,"href":"https:\/\/wallface.de\/fr\/wp-json\/wp\/v2\/comments?post=12164"}],"version-history":[{"count":1,"href":"https:\/\/wallface.de\/fr\/wp-json\/wp\/v2\/pages\/12164\/revisions"}],"predecessor-version":[{"id":58184,"href":"https:\/\/wallface.de\/fr\/wp-json\/wp\/v2\/pages\/12164\/revisions\/58184"}],"wp:attachment":[{"href":"https:\/\/wallface.de\/fr\/wp-json\/wp\/v2\/media?parent=12164"}],"curies":[{"name":"wp","href":"https:\/\/api.w.org\/{rel}","templated":true}]}}