{"id":12171,"date":"2023-12-27T16:02:13","date_gmt":"2023-12-27T15:02:13","guid":{"rendered":"https:\/\/wallface.de\/fr\/?page_id=12171"},"modified":"2025-07-15T12:33:29","modified_gmt":"2025-07-15T12:33:29","slug":"contact","status":"publish","type":"page","link":"https:\/\/wallface.de\/fr\/contact\/","title":{"rendered":"Contact"},"content":{"rendered":"<p><div class=\"fusion-fullwidth fullwidth-box fusion-builder-row-1 fusion-flex-container margin-full-bl_0 main_img-cat hundred-percent-fullwidth non-hundred-percent-height-scrolling\" style=\"--awb-border-radius-top-left:0px;--awb-border-radius-top-right:0px;--awb-border-radius-bottom-right:0px;--awb-border-radius-bottom-left:0px;--awb-padding-right:0px;--awb-padding-left:0px;--awb-flex-wrap:wrap;\" ><div class=\"fusion-builder-row fusion-row fusion-flex-align-items-flex-start fusion-flex-content-wrap\" style=\"width:104% !important;max-width:104% !important;margin-left: calc(-4% \/ 2 );margin-right: calc(-4% \/ 2 );\"><div class=\"fusion-layout-column fusion_builder_column fusion-builder-column-0 fusion_builder_column_1_1 1_1 fusion-flex-column\" style=\"--awb-bg-size:cover;--awb-width-large:100%;--awb-margin-top-large:0px;--awb-spacing-right-large:1.92%;--awb-margin-bottom-large:20px;--awb-spacing-left-large:1.92%;--awb-width-medium:100%;--awb-order-medium:0;--awb-spacing-right-medium:1.92%;--awb-spacing-left-medium:1.92%;--awb-width-small:100%;--awb-order-small:0;--awb-spacing-right-small:1.92%;--awb-spacing-left-small:1.92%;\"><div class=\"fusion-column-wrapper fusion-column-has-shadow fusion-flex-justify-content-flex-start fusion-content-layout-column\"><div class=\"fusion-image-element \" style=\"--awb-caption-title-font-family:var(--h2_typography-font-family);--awb-caption-title-font-weight:var(--h2_typography-font-weight);--awb-caption-title-font-style:var(--h2_typography-font-style);--awb-caption-title-size:var(--h2_typography-font-size);--awb-caption-title-transform:var(--h2_typography-text-transform);--awb-caption-title-line-height:var(--h2_typography-line-height);--awb-caption-title-letter-spacing:var(--h2_typography-letter-spacing);\"><span class=\" fusion-imageframe imageframe-none imageframe-1 hover-type-none fool-img-desc\"><img decoding=\"async\" width=\"2500\" height=\"900\" alt=\"Smiling woman with a headset working in customer service.\" src=\"https:\/\/wallface.de\/fr\/wp-content\/uploads\/sites\/3\/2025\/03\/wallface_panneaux_muraux_contact.jpg\" class=\"img-responsive wp-image-58185\" srcset=\"https:\/\/wallface.de\/fr\/wp-content\/uploads\/sites\/3\/2025\/03\/wallface_panneaux_muraux_contact-200x72.jpg 200w, https:\/\/wallface.de\/fr\/wp-content\/uploads\/sites\/3\/2025\/03\/wallface_panneaux_muraux_contact-400x144.jpg 400w, https:\/\/wallface.de\/fr\/wp-content\/uploads\/sites\/3\/2025\/03\/wallface_panneaux_muraux_contact-600x216.jpg 600w, https:\/\/wallface.de\/fr\/wp-content\/uploads\/sites\/3\/2025\/03\/wallface_panneaux_muraux_contact-800x288.jpg 800w, https:\/\/wallface.de\/fr\/wp-content\/uploads\/sites\/3\/2025\/03\/wallface_panneaux_muraux_contact-1200x432.jpg 1200w, https:\/\/wallface.de\/fr\/wp-content\/uploads\/sites\/3\/2025\/03\/wallface_panneaux_muraux_contact.jpg 2500w\" sizes=\"(max-width: 640px) 100vw, 1200px\" \/><\/span><\/div><div class=\"fusion-image-element \" style=\"--awb-caption-title-font-family:var(--h2_typography-font-family);--awb-caption-title-font-weight:var(--h2_typography-font-weight);--awb-caption-title-font-style:var(--h2_typography-font-style);--awb-caption-title-size:var(--h2_typography-font-size);--awb-caption-title-transform:var(--h2_typography-text-transform);--awb-caption-title-line-height:var(--h2_typography-line-height);--awb-caption-title-letter-spacing:var(--h2_typography-letter-spacing);\"><span class=\" fusion-imageframe imageframe-none imageframe-2 hover-type-none fool-img-mob\"><img decoding=\"async\" width=\"650\" height=\"884\" alt=\"Femme souriante portant un casque, travaillant dans le service client.\" src=\"https:\/\/wallface.de\/fr\/wp-content\/uploads\/sites\/3\/2025\/03\/wallface_panneaux_muraux_contact_mob.jpg\" class=\"img-responsive wp-image-58186\" srcset=\"https:\/\/wallface.de\/fr\/wp-content\/uploads\/sites\/3\/2025\/03\/wallface_panneaux_muraux_contact_mob-200x272.jpg 200w, https:\/\/wallface.de\/fr\/wp-content\/uploads\/sites\/3\/2025\/03\/wallface_panneaux_muraux_contact_mob-400x544.jpg 400w, https:\/\/wallface.de\/fr\/wp-content\/uploads\/sites\/3\/2025\/03\/wallface_panneaux_muraux_contact_mob-600x816.jpg 600w, https:\/\/wallface.de\/fr\/wp-content\/uploads\/sites\/3\/2025\/03\/wallface_panneaux_muraux_contact_mob.jpg 650w\" sizes=\"(max-width: 640px) 100vw, 650px\" \/><\/span><\/div><\/div><\/div><\/div><\/div><div class=\"fusion-fullwidth fullwidth-box fusion-builder-row-2 fusion-flex-container category_top_txt nonhundred-percent-fullwidth non-hundred-percent-height-scrolling\" style=\"--awb-border-radius-top-left:0px;--awb-border-radius-top-right:0px;--awb-border-radius-bottom-right:0px;--awb-border-radius-bottom-left:0px;--awb-padding-top:60px;--awb-padding-bottom:60px;--awb-flex-wrap:wrap;\" ><div class=\"fusion-builder-row fusion-row fusion-flex-align-items-flex-start fusion-flex-content-wrap\" style=\"max-width:1200.0352px;margin-left: calc(-4% \/ 2 );margin-right: calc(-4% \/ 2 );\"><div class=\"fusion-layout-column fusion_builder_column fusion-builder-column-1 fusion_builder_column_1_1 1_1 fusion-flex-column\" style=\"--awb-bg-size:cover;--awb-width-large:100%;--awb-margin-top-large:0px;--awb-spacing-right-large:1.92%;--awb-margin-bottom-large:20px;--awb-spacing-left-large:1.92%;--awb-width-medium:100%;--awb-order-medium:0;--awb-spacing-right-medium:1.92%;--awb-spacing-left-medium:1.92%;--awb-width-small:100%;--awb-order-small:0;--awb-spacing-right-small:1.92%;--awb-spacing-left-small:1.92%;\"><div class=\"fusion-column-wrapper fusion-column-has-shadow fusion-flex-justify-content-flex-start fusion-content-layout-column\"><div class=\"fusion-title title fusion-title-1 fusion-sep-none fusion-title-text fusion-title-size-one title-section\"><h1 class=\"fusion-title-heading title-heading-left\" style=\"margin:0;\"><h1>Contact<\/h1><\/h1><\/div><div class=\"fusion-text fusion-text-1 home_subtitle\" style=\"--awb-text-transform:none;\"><p>Le service et le dialogue sont pour nous les bases d\u2019une relation et d\u2019un partenariat durables et de qualit\u00e9. Nous vous proposons donc divers moyens pour contacter e-Delux.<\/p>\n<p>Utilisez notre formulaire de contact.<\/p>\n<p>Ou envoyez-nous un message: <a href=\"mailto:info@wallface.de\">info@wallface.de<\/a><\/p>\n<\/div><\/div><\/div><\/div><\/div><div class=\"fusion-fullwidth fullwidth-box fusion-builder-row-3 fusion-flex-container no-margin-bott nonhundred-percent-fullwidth non-hundred-percent-height-scrolling\" style=\"--awb-border-radius-top-left:0px;--awb-border-radius-top-right:0px;--awb-border-radius-bottom-right:0px;--awb-border-radius-bottom-left:0px;--awb-margin-top:0px;--awb-margin-bottom:0px;--awb-flex-wrap:wrap;\" ><div class=\"fusion-builder-row fusion-row fusion-flex-align-items-flex-start fusion-flex-content-wrap\" style=\"max-width:1200.0352px;margin-left: calc(-4% \/ 2 );margin-right: calc(-4% \/ 2 );\"><div class=\"fusion-layout-column fusion_builder_column fusion-builder-column-2 fusion_builder_column_1_2 1_2 fusion-flex-column img_w-50\" style=\"--awb-bg-size:cover;--awb-width-large:50%;--awb-margin-top-large:0px;--awb-spacing-right-large:3.84%;--awb-margin-bottom-large:0px;--awb-spacing-left-large:3.84%;--awb-width-medium:50%;--awb-order-medium:0;--awb-spacing-right-medium:3.84%;--awb-spacing-left-medium:3.84%;--awb-width-small:100%;--awb-order-small:0;--awb-spacing-right-small:1.92%;--awb-spacing-left-small:1.92%;\"><div class=\"fusion-column-wrapper fusion-column-has-shadow fusion-flex-justify-content-flex-start fusion-content-layout-column\"><div class=\"fusion-image-element \" style=\"--awb-caption-title-font-family:var(--h2_typography-font-family);--awb-caption-title-font-weight:var(--h2_typography-font-weight);--awb-caption-title-font-style:var(--h2_typography-font-style);--awb-caption-title-size:var(--h2_typography-font-size);--awb-caption-title-transform:var(--h2_typography-text-transform);--awb-caption-title-line-height:var(--h2_typography-line-height);--awb-caption-title-letter-spacing:var(--h2_typography-letter-spacing);\"><span class=\" fusion-imageframe imageframe-none imageframe-3 hover-type-none\"><img decoding=\"async\" src=\"https:\/\/wallface.de\/fr\/wp-content\/uploads\/sites\/3\/2023\/12\/wallface_panneaux_muraux_partenaires_img-1.jpg\" alt class=\"img-responsive wp-image-12174\"\/><\/span><\/div><\/div><\/div><div class=\"fusion-layout-column fusion_builder_column fusion-builder-column-3 fusion_builder_column_1_2 1_2 fusion-flex-column h_100 align-items_c txt_norm\" style=\"--awb-bg-size:cover;--awb-width-large:50%;--awb-margin-top-large:0px;--awb-spacing-right-large:3.84%;--awb-margin-bottom-large:0px;--awb-spacing-left-large:3.84%;--awb-width-medium:50%;--awb-order-medium:0;--awb-spacing-right-medium:3.84%;--awb-spacing-left-medium:3.84%;--awb-width-small:100%;--awb-order-small:0;--awb-spacing-right-small:1.92%;--awb-spacing-left-small:1.92%;\"><div class=\"fusion-column-wrapper fusion-column-has-shadow fusion-flex-justify-content-flex-start fusion-content-layout-column\"><div class=\"fusion-title title fusion-title-2 fusion-sep-none fusion-title-text fusion-title-size-one f-s_44\"><h1 class=\"fusion-title-heading title-heading-left\" style=\"margin:0;\"><h3>N&rsquo;h\u00e9sitez pas \u00e0 nous appeler!<\/h3><\/h1><\/div><div class=\"fusion-text fusion-text-2\" style=\"--awb-text-transform:none;\"><p>lun &#8211; ven 10h00 &#8211; 16h00<br \/>\nT\u00e9l\u00e9phone +49 (0)2104 833 11 68<\/p>\n<p>e-Delux GmbH<\/p>\n<p>R\u00f6ntgenstr. 8<br \/>\n40699 Erkrath<br \/>\nAllemagne<\/p>\n<\/div><\/div><\/div><\/div><\/div><div class=\"fusion-fullwidth fullwidth-box fusion-builder-row-4 fusion-flex-container block_colect6_col bl-sm-icon nonhundred-percent-fullwidth non-hundred-percent-height-scrolling\" style=\"--awb-border-radius-top-left:0px;--awb-border-radius-top-right:0px;--awb-border-radius-bottom-right:0px;--awb-border-radius-bottom-left:0px;--awb-margin-top:0px;--awb-margin-bottom:0px;--awb-flex-wrap:wrap;\" ><div class=\"fusion-builder-row fusion-row fusion-flex-align-items-flex-start fusion-flex-content-wrap\" style=\"max-width:1200.0352px;margin-left: calc(-4% \/ 2 );margin-right: calc(-4% \/ 2 );\"><div class=\"fusion-layout-column fusion_builder_column fusion-builder-column-4 fusion_builder_column_1_1 1_1 fusion-flex-column center_bl colum_3 colect_bl\" style=\"--awb-bg-size:cover;--awb-width-large:100%;--awb-margin-top-large:0px;--awb-spacing-right-large:1.92%;--awb-margin-bottom-large:20px;--awb-spacing-left-large:1.92%;--awb-width-medium:100%;--awb-order-medium:0;--awb-spacing-right-medium:1.92%;--awb-spacing-left-medium:1.92%;--awb-width-small:100%;--awb-order-small:0;--awb-spacing-right-small:1.92%;--awb-spacing-left-small:1.92%;\"><div class=\"fusion-column-wrapper fusion-column-has-shadow fusion-flex-justify-content-flex-start fusion-content-layout-column\"><div class=\"fusion-text fusion-text-3 sub-titile_ver\" style=\"--awb-text-transform:none;\"><p>Votre avis nous int\u00e9resse!<\/p>\n<\/div><div class=\"form_bl\">\n<div class=\"wpcf7 no-js\" id=\"wpcf7-f28363-o1\" lang=\"fr-FR\" dir=\"ltr\" data-wpcf7-id=\"28363\">\n<div class=\"screen-reader-response\"><p role=\"status\" aria-live=\"polite\" aria-atomic=\"true\"><\/p> <ul><\/ul><\/div>\n<form action=\"\/fr\/wp-json\/wp\/v2\/pages\/12171#wpcf7-f28363-o1\" method=\"post\" class=\"wpcf7-form init\" aria-label=\"Formulaire de contact\" novalidate=\"novalidate\" data-status=\"init\">\n<div style=\"display: none;\">\n<input type=\"hidden\" name=\"_wpcf7\" value=\"28363\" \/>\n<input type=\"hidden\" name=\"_wpcf7_version\" value=\"6.0.2\" \/>\n<input type=\"hidden\" name=\"_wpcf7_locale\" value=\"fr_FR\" \/>\n<input type=\"hidden\" name=\"_wpcf7_unit_tag\" value=\"wpcf7-f28363-o1\" \/>\n<input type=\"hidden\" name=\"_wpcf7_container_post\" value=\"0\" \/>\n<input type=\"hidden\" name=\"_wpcf7_posted_data_hash\" value=\"\" \/>\n<\/div>\n<div class=\"contact-bl\">\n\t<div class=\"sm_int\">\n\t\t<div>\n\t\t\t<p><label> <span class=\"lable_name\">Votre nom<\/span><br \/>\n<span class=\"wpcf7-form-control-wrap\" data-name=\"your-name\"><input size=\"40\" maxlength=\"400\" class=\"wpcf7-form-control wpcf7-text wpcf7-validates-as-required\" autocomplete=\"name\" aria-required=\"true\" aria-invalid=\"false\" value=\"\" type=\"text\" name=\"your-name\" \/><\/span> <\/label>\n\t\t\t<\/p>\n\t\t<\/div>\n\t\t<div>\n\t\t\t<p><label> <span class=\"lable_name\"> Votre email<\/span><br \/>\n<span class=\"wpcf7-form-control-wrap\" data-name=\"your-email\"><input size=\"40\" maxlength=\"400\" class=\"wpcf7-form-control wpcf7-email wpcf7-validates-as-required wpcf7-text wpcf7-validates-as-email\" autocomplete=\"email\" aria-required=\"true\" aria-invalid=\"false\" value=\"\" type=\"email\" name=\"your-email\" \/><\/span> <\/label>\n\t\t\t<\/p>\n\t\t<\/div>\n\t\t<div>\n\t\t\t<p><label> <span class=\"lable_name\">Sujette<\/span><br \/>\n<span class=\"wpcf7-form-control-wrap\" data-name=\"your-subject\"><input size=\"40\" maxlength=\"400\" class=\"wpcf7-form-control wpcf7-text wpcf7-validates-as-required\" aria-required=\"true\" aria-invalid=\"false\" value=\"\" type=\"text\" name=\"your-subject\" \/><\/span> <\/label>\n\t\t\t<\/p>\n\t\t<\/div>\n\t<\/div>\n\t<div class=\"txt_bl\">\n\t\t<p><label> <span class=\"lable_name\">Votre message<\/span><br \/>\n<span class=\"wpcf7-form-control-wrap\" data-name=\"your-message\"><textarea cols=\"40\" rows=\"10\" maxlength=\"2000\" class=\"wpcf7-form-control wpcf7-textarea wpcf7-validates-as-required\" aria-required=\"true\" aria-invalid=\"false\" name=\"your-message\"><\/textarea><\/span> <\/label>\n\t\t<\/p>\n\t<\/div>\n\t<div class=\"cont_btn\">\n\t\t<p><input class=\"wpcf7-form-control wpcf7-submit has-spinner\" type=\"submit\" value=\"Soumettre\" \/>\n\t\t<\/p>\n\t<\/div>\n<\/div><div class=\"fusion-alert alert custom alert-custom fusion-alert-center wpcf7-response-output awb-alert-native-link-color alert-dismissable awb-alert-close-boxed\" style=\"--awb-border-size:1px;--awb-border-top-left-radius:0px;--awb-border-top-right-radius:0px;--awb-border-bottom-left-radius:0px;--awb-border-bottom-right-radius:0px;\" role=\"alert\"><div class=\"fusion-alert-content-wrapper\"><span class=\"fusion-alert-content\"><\/span><\/div><button type=\"button\" class=\"close toggle-alert\" data-dismiss=\"alert\" aria-label=\"Close\">&times;<\/button><\/div>\n<\/form>\n<\/div>\n<\/div><\/div><\/div><\/div><\/div><\/p>\n","protected":false},"excerpt":{"rendered":"","protected":false},"author":1,"featured_media":0,"parent":0,"menu_order":0,"comment_status":"closed","ping_status":"closed","template":"100-width.php","meta":{"inline_featured_image":false,"footnotes":""},"class_list":["post-12171","page","type-page","status-publish","hentry"],"yoast_head":"<!-- This site is optimized with the Yoast SEO plugin v22.0 - https:\/\/yoast.com\/wordpress\/plugins\/seo\/ -->\n<title>Contactez WallFace | Rev\u00eatements muraux design et innovants<\/title>\n<meta name=\"description\" content=\"Besoin d\u2019informations, de conseils ou d\u2019un devis ? Contactez l\u2019\u00e9quipe WallFace pour en savoir plus sur nos panneaux d\u00e9coratifs et solutions de rev\u00eatement mural.\" \/>\n<meta name=\"robots\" content=\"index, follow, max-snippet:-1, max-image-preview:large, max-video-preview:-1\" \/>\n<link rel=\"canonical\" href=\"https:\/\/wallface.de\/fr\/contact\/\" \/>\n<meta property=\"og:locale\" content=\"fr_FR\" \/>\n<meta property=\"og:type\" content=\"article\" \/>\n<meta property=\"og:title\" content=\"Contactez WallFace | Rev\u00eatements muraux design et innovants\" \/>\n<meta property=\"og:description\" content=\"Besoin d\u2019informations, de conseils ou d\u2019un devis ? Contactez l\u2019\u00e9quipe WallFace pour en savoir plus sur nos panneaux d\u00e9coratifs et solutions de rev\u00eatement mural.\" \/>\n<meta property=\"og:url\" content=\"https:\/\/wallface.de\/fr\/contact\/\" \/>\n<meta property=\"og:site_name\" content=\"wallface\/fr\" \/>\n<meta property=\"article:modified_time\" content=\"2025-07-15T12:33:29+00:00\" \/>\n<meta name=\"twitter:card\" content=\"summary_large_image\" \/>\n<meta name=\"twitter:label1\" content=\"Dur\u00e9e de lecture estim\u00e9e\" \/>\n\t<meta name=\"twitter:data1\" content=\"1 minute\" \/>\n<script type=\"application\/ld+json\" class=\"yoast-schema-graph\">{\"@context\":\"https:\/\/schema.org\",\"@graph\":[{\"@type\":\"WebPage\",\"@id\":\"https:\/\/wallface.de\/fr\/contact\/\",\"url\":\"https:\/\/wallface.de\/fr\/contact\/\",\"name\":\"Contactez WallFace | Rev\u00eatements muraux design et innovants\",\"isPartOf\":{\"@id\":\"https:\/\/wallface.de\/fr\/#website\"},\"datePublished\":\"2023-12-27T15:02:13+00:00\",\"dateModified\":\"2025-07-15T12:33:29+00:00\",\"description\":\"Besoin d\u2019informations, de conseils ou d\u2019un devis ? Contactez l\u2019\u00e9quipe WallFace pour en savoir plus sur nos panneaux d\u00e9coratifs et solutions de rev\u00eatement mural.\",\"breadcrumb\":{\"@id\":\"https:\/\/wallface.de\/fr\/contact\/#breadcrumb\"},\"inLanguage\":\"fr-FR\",\"potentialAction\":[{\"@type\":\"ReadAction\",\"target\":[\"https:\/\/wallface.de\/fr\/contact\/\"]}]},{\"@type\":\"BreadcrumbList\",\"@id\":\"https:\/\/wallface.de\/fr\/contact\/#breadcrumb\",\"itemListElement\":[{\"@type\":\"ListItem\",\"position\":1,\"name\":\"Home\",\"item\":\"https:\/\/wallface.de\/fr\/\"},{\"@type\":\"ListItem\",\"position\":2,\"name\":\"Contact\"}]},{\"@type\":\"WebSite\",\"@id\":\"https:\/\/wallface.de\/fr\/#website\",\"url\":\"https:\/\/wallface.de\/fr\/\",\"name\":\"wallface\/fr\",\"description\":\"\",\"potentialAction\":[{\"@type\":\"SearchAction\",\"target\":{\"@type\":\"EntryPoint\",\"urlTemplate\":\"https:\/\/wallface.de\/fr\/?s={search_term_string}\"},\"query-input\":\"required name=search_term_string\"}],\"inLanguage\":\"fr-FR\"}]}<\/script>\n<!-- \/ Yoast SEO plugin. -->","yoast_head_json":{"title":"Contactez WallFace | Rev\u00eatements muraux design et innovants","description":"Besoin d\u2019informations, de conseils ou d\u2019un devis ? Contactez l\u2019\u00e9quipe WallFace pour en savoir plus sur nos panneaux d\u00e9coratifs et solutions de rev\u00eatement mural.","robots":{"index":"index","follow":"follow","max-snippet":"max-snippet:-1","max-image-preview":"max-image-preview:large","max-video-preview":"max-video-preview:-1"},"canonical":"https:\/\/wallface.de\/fr\/contact\/","og_locale":"fr_FR","og_type":"article","og_title":"Contactez WallFace | Rev\u00eatements muraux design et innovants","og_description":"Besoin d\u2019informations, de conseils ou d\u2019un devis ? Contactez l\u2019\u00e9quipe WallFace pour en savoir plus sur nos panneaux d\u00e9coratifs et solutions de rev\u00eatement mural.","og_url":"https:\/\/wallface.de\/fr\/contact\/","og_site_name":"wallface\/fr","article_modified_time":"2025-07-15T12:33:29+00:00","twitter_card":"summary_large_image","twitter_misc":{"Dur\u00e9e de lecture estim\u00e9e":"1 minute"},"schema":{"@context":"https:\/\/schema.org","@graph":[{"@type":"WebPage","@id":"https:\/\/wallface.de\/fr\/contact\/","url":"https:\/\/wallface.de\/fr\/contact\/","name":"Contactez WallFace | Rev\u00eatements muraux design et innovants","isPartOf":{"@id":"https:\/\/wallface.de\/fr\/#website"},"datePublished":"2023-12-27T15:02:13+00:00","dateModified":"2025-07-15T12:33:29+00:00","description":"Besoin d\u2019informations, de conseils ou d\u2019un devis ? Contactez l\u2019\u00e9quipe WallFace pour en savoir plus sur nos panneaux d\u00e9coratifs et solutions de rev\u00eatement mural.","breadcrumb":{"@id":"https:\/\/wallface.de\/fr\/contact\/#breadcrumb"},"inLanguage":"fr-FR","potentialAction":[{"@type":"ReadAction","target":["https:\/\/wallface.de\/fr\/contact\/"]}]},{"@type":"BreadcrumbList","@id":"https:\/\/wallface.de\/fr\/contact\/#breadcrumb","itemListElement":[{"@type":"ListItem","position":1,"name":"Home","item":"https:\/\/wallface.de\/fr\/"},{"@type":"ListItem","position":2,"name":"Contact"}]},{"@type":"WebSite","@id":"https:\/\/wallface.de\/fr\/#website","url":"https:\/\/wallface.de\/fr\/","name":"wallface\/fr","description":"","potentialAction":[{"@type":"SearchAction","target":{"@type":"EntryPoint","urlTemplate":"https:\/\/wallface.de\/fr\/?s={search_term_string}"},"query-input":"required name=search_term_string"}],"inLanguage":"fr-FR"}]}},"_links":{"self":[{"href":"https:\/\/wallface.de\/fr\/wp-json\/wp\/v2\/pages\/12171","targetHints":{"allow":["GET"]}}],"collection":[{"href":"https:\/\/wallface.de\/fr\/wp-json\/wp\/v2\/pages"}],"about":[{"href":"https:\/\/wallface.de\/fr\/wp-json\/wp\/v2\/types\/page"}],"author":[{"embeddable":true,"href":"https:\/\/wallface.de\/fr\/wp-json\/wp\/v2\/users\/1"}],"replies":[{"embeddable":true,"href":"https:\/\/wallface.de\/fr\/wp-json\/wp\/v2\/comments?post=12171"}],"version-history":[{"count":5,"href":"https:\/\/wallface.de\/fr\/wp-json\/wp\/v2\/pages\/12171\/revisions"}],"predecessor-version":[{"id":59660,"href":"https:\/\/wallface.de\/fr\/wp-json\/wp\/v2\/pages\/12171\/revisions\/59660"}],"wp:attachment":[{"href":"https:\/\/wallface.de\/fr\/wp-json\/wp\/v2\/media?parent=12171"}],"curies":[{"name":"wp","href":"https:\/\/api.w.org\/{rel}","templated":true}]}}