{"id":12178,"date":"2023-12-27T16:11:19","date_gmt":"2023-12-27T15:11:19","guid":{"rendered":"https:\/\/wallface.de\/fr\/?page_id=12178"},"modified":"2025-07-28T12:04:49","modified_gmt":"2025-07-28T12:04:49","slug":"mentions-legales","status":"publish","type":"page","link":"https:\/\/wallface.de\/fr\/mentions-legales\/","title":{"rendered":"Mentions l\u00e9gales"},"content":{"rendered":"<p><div class=\"fusion-fullwidth fullwidth-box fusion-builder-row-1 fusion-flex-container margin-full-bl_0 main_img-cat hundred-percent-fullwidth non-hundred-percent-height-scrolling\" style=\"--awb-border-radius-top-left:0px;--awb-border-radius-top-right:0px;--awb-border-radius-bottom-right:0px;--awb-border-radius-bottom-left:0px;--awb-padding-right:0px;--awb-padding-left:0px;--awb-flex-wrap:wrap;\" ><div class=\"fusion-builder-row fusion-row fusion-flex-align-items-flex-start fusion-flex-content-wrap\" style=\"width:104% !important;max-width:104% !important;margin-left: calc(-4% \/ 2 );margin-right: calc(-4% \/ 2 );\"><div class=\"fusion-layout-column fusion_builder_column fusion-builder-column-0 fusion_builder_column_1_1 1_1 fusion-flex-column\" style=\"--awb-bg-size:cover;--awb-width-large:100%;--awb-margin-top-large:0px;--awb-spacing-right-large:1.92%;--awb-margin-bottom-large:20px;--awb-spacing-left-large:1.92%;--awb-width-medium:100%;--awb-order-medium:0;--awb-spacing-right-medium:1.92%;--awb-spacing-left-medium:1.92%;--awb-width-small:100%;--awb-order-small:0;--awb-spacing-right-small:1.92%;--awb-spacing-left-small:1.92%;\"><div class=\"fusion-column-wrapper fusion-column-has-shadow fusion-flex-justify-content-flex-start fusion-content-layout-column\"><div class=\"fusion-image-element \" style=\"--awb-caption-title-font-family:var(--h2_typography-font-family);--awb-caption-title-font-weight:var(--h2_typography-font-weight);--awb-caption-title-font-style:var(--h2_typography-font-style);--awb-caption-title-size:var(--h2_typography-font-size);--awb-caption-title-transform:var(--h2_typography-text-transform);--awb-caption-title-line-height:var(--h2_typography-line-height);--awb-caption-title-letter-spacing:var(--h2_typography-letter-spacing);\"><span class=\" fusion-imageframe imageframe-none imageframe-1 hover-type-none fool-img-desc\"><img decoding=\"async\" width=\"2500\" height=\"900\" alt=\"Salon moderne avec un canap\u00e9 blanc, une lampe sur pied et une plante d\u00e9corative.\" src=\"https:\/\/wallface.de\/fr\/wp-content\/uploads\/sites\/3\/2025\/03\/wallface_panneaux_muraux_mentions_legales-.jpg\" class=\"img-responsive wp-image-58188\" srcset=\"https:\/\/wallface.de\/fr\/wp-content\/uploads\/sites\/3\/2025\/03\/wallface_panneaux_muraux_mentions_legales--200x72.jpg 200w, https:\/\/wallface.de\/fr\/wp-content\/uploads\/sites\/3\/2025\/03\/wallface_panneaux_muraux_mentions_legales--400x144.jpg 400w, https:\/\/wallface.de\/fr\/wp-content\/uploads\/sites\/3\/2025\/03\/wallface_panneaux_muraux_mentions_legales--600x216.jpg 600w, https:\/\/wallface.de\/fr\/wp-content\/uploads\/sites\/3\/2025\/03\/wallface_panneaux_muraux_mentions_legales--800x288.jpg 800w, https:\/\/wallface.de\/fr\/wp-content\/uploads\/sites\/3\/2025\/03\/wallface_panneaux_muraux_mentions_legales--1200x432.jpg 1200w, https:\/\/wallface.de\/fr\/wp-content\/uploads\/sites\/3\/2025\/03\/wallface_panneaux_muraux_mentions_legales-.jpg 2500w\" sizes=\"(max-width: 640px) 100vw, 1200px\" \/><\/span><\/div><div class=\"fusion-image-element \" style=\"--awb-caption-title-font-family:var(--h2_typography-font-family);--awb-caption-title-font-weight:var(--h2_typography-font-weight);--awb-caption-title-font-style:var(--h2_typography-font-style);--awb-caption-title-size:var(--h2_typography-font-size);--awb-caption-title-transform:var(--h2_typography-text-transform);--awb-caption-title-line-height:var(--h2_typography-line-height);--awb-caption-title-letter-spacing:var(--h2_typography-letter-spacing);\"><span class=\" fusion-imageframe imageframe-none imageframe-2 hover-type-none fool-img-mob\"><img decoding=\"async\" width=\"650\" height=\"884\" alt=\"Salon moderne avec un canap\u00e9 blanc, une lampe sur pied et une table d&#039;appoint ronde.\" src=\"https:\/\/wallface.de\/fr\/wp-content\/uploads\/sites\/3\/2025\/03\/wallface_panneaux_muraux_mentions_legales-_mob.jpg\" class=\"img-responsive wp-image-58189\" srcset=\"https:\/\/wallface.de\/fr\/wp-content\/uploads\/sites\/3\/2025\/03\/wallface_panneaux_muraux_mentions_legales-_mob-200x272.jpg 200w, https:\/\/wallface.de\/fr\/wp-content\/uploads\/sites\/3\/2025\/03\/wallface_panneaux_muraux_mentions_legales-_mob-400x544.jpg 400w, https:\/\/wallface.de\/fr\/wp-content\/uploads\/sites\/3\/2025\/03\/wallface_panneaux_muraux_mentions_legales-_mob-600x816.jpg 600w, https:\/\/wallface.de\/fr\/wp-content\/uploads\/sites\/3\/2025\/03\/wallface_panneaux_muraux_mentions_legales-_mob.jpg 650w\" sizes=\"(max-width: 640px) 100vw, 650px\" \/><\/span><\/div><\/div><\/div><\/div><\/div><div class=\"fusion-fullwidth fullwidth-box fusion-builder-row-2 fusion-flex-container category_top_txt nonhundred-percent-fullwidth non-hundred-percent-height-scrolling\" style=\"--awb-border-radius-top-left:0px;--awb-border-radius-top-right:0px;--awb-border-radius-bottom-right:0px;--awb-border-radius-bottom-left:0px;--awb-padding-top:60px;--awb-padding-bottom:60px;--awb-flex-wrap:wrap;\" ><div class=\"fusion-builder-row fusion-row fusion-flex-align-items-flex-start fusion-flex-content-wrap\" style=\"max-width:1200.0352px;margin-left: calc(-4% \/ 2 );margin-right: calc(-4% \/ 2 );\"><div class=\"fusion-layout-column fusion_builder_column fusion-builder-column-1 fusion_builder_column_1_1 1_1 fusion-flex-column\" style=\"--awb-bg-size:cover;--awb-width-large:100%;--awb-margin-top-large:0px;--awb-spacing-right-large:1.92%;--awb-margin-bottom-large:20px;--awb-spacing-left-large:1.92%;--awb-width-medium:100%;--awb-order-medium:0;--awb-spacing-right-medium:1.92%;--awb-spacing-left-medium:1.92%;--awb-width-small:100%;--awb-order-small:0;--awb-spacing-right-small:1.92%;--awb-spacing-left-small:1.92%;\"><div class=\"fusion-column-wrapper fusion-column-has-shadow fusion-flex-justify-content-flex-start fusion-content-layout-column\"><div class=\"fusion-title title fusion-title-1 fusion-sep-none fusion-title-text fusion-title-size-one title-section\"><h1 class=\"fusion-title-heading title-heading-left\" style=\"margin:0;\"><h1>D\u00e9tails de l&rsquo;entreprise<\/h1><\/h1><\/div><div class=\"fusion-text fusion-text-1 home_subtitle content-other\" style=\"--awb-text-transform:none;\"><p><strong class=\"f_bold\">D\u00e9tails de l&rsquo;entreprise<\/strong><\/p>\n<p>e-Delux GmbH<br \/>\nRoentgenstr. 8<br \/>\n40699 Erkrath<br \/>\nAllemagne<\/p>\n<p>T\u00e9l\u00e9phone: +49 (0)2104 833 11 22<br \/>\nFax: +49 (0)2104 833 11 39<\/p>\n<p>Directeur g\u00e9n\u00e9ral: Igor Kraftsoff<br \/>\nEmplacement de l&rsquo;entreprise: Erkrath<br \/>\nHRB 22247 Amtsgericht Wuppertal<br \/>\nNum\u00e9ro d&rsquo;identification fiscale 147\/5819\/0553<br \/>\nNum\u00e9ro de TVA: DE815123542<\/p>\n<p>Nous ne sommes pas pr\u00eats, et ne sommes pas tenus, de participer \u00e0 une proc\u00e9dure de r\u00e8glement des litiges devant un organisme de conciliation pour les consommateurs.<\/p>\n<p><strong>Nous sommes membres de l&rsquo;initiative \u00ab\u00a0FairCommerce\u00a0\u00bb depuis 27.08.2015.<\/strong><br \/>\nPour plus d&rsquo;informations, consultez:\u00a0<a href=\"https:\/\/www.haendlerbund.de\/de\/haendlerbund\/interessenvertretung\/faircommerce\" target=\"blank\">www.haendlerbund.de\/faircommerce<\/a><\/p>\n<\/div><\/div><\/div><\/div><\/div><\/p>\n","protected":false},"excerpt":{"rendered":"","protected":false},"author":1,"featured_media":0,"parent":0,"menu_order":0,"comment_status":"closed","ping_status":"closed","template":"100-width.php","meta":{"inline_featured_image":false,"footnotes":""},"class_list":["post-12178","page","type-page","status-publish","hentry"],"yoast_head":"<!-- This site is optimized with the Yoast SEO plugin v22.0 - https:\/\/yoast.com\/wordpress\/plugins\/seo\/ -->\n<title>Mentions l\u00e9gales - wallface\/fr<\/title>\n<meta name=\"robots\" content=\"index, follow, max-snippet:-1, max-image-preview:large, max-video-preview:-1\" \/>\n<link rel=\"canonical\" href=\"https:\/\/wallface.de\/fr\/mentions-legales\/\" \/>\n<meta property=\"og:locale\" content=\"fr_FR\" \/>\n<meta property=\"og:type\" content=\"article\" \/>\n<meta property=\"og:title\" content=\"Mentions l\u00e9gales - wallface\/fr\" \/>\n<meta property=\"og:url\" content=\"https:\/\/wallface.de\/fr\/mentions-legales\/\" \/>\n<meta property=\"og:site_name\" content=\"wallface\/fr\" \/>\n<meta property=\"article:modified_time\" content=\"2025-07-28T12:04:49+00:00\" \/>\n<meta name=\"twitter:card\" content=\"summary_large_image\" \/>\n<meta name=\"twitter:label1\" content=\"Dur\u00e9e de lecture estim\u00e9e\" \/>\n\t<meta name=\"twitter:data1\" content=\"1 minute\" \/>\n<script type=\"application\/ld+json\" class=\"yoast-schema-graph\">{\"@context\":\"https:\/\/schema.org\",\"@graph\":[{\"@type\":\"WebPage\",\"@id\":\"https:\/\/wallface.de\/fr\/mentions-legales\/\",\"url\":\"https:\/\/wallface.de\/fr\/mentions-legales\/\",\"name\":\"Mentions l\u00e9gales - wallface\/fr\",\"isPartOf\":{\"@id\":\"https:\/\/wallface.de\/fr\/#website\"},\"datePublished\":\"2023-12-27T15:11:19+00:00\",\"dateModified\":\"2025-07-28T12:04:49+00:00\",\"breadcrumb\":{\"@id\":\"https:\/\/wallface.de\/fr\/mentions-legales\/#breadcrumb\"},\"inLanguage\":\"fr-FR\",\"potentialAction\":[{\"@type\":\"ReadAction\",\"target\":[\"https:\/\/wallface.de\/fr\/mentions-legales\/\"]}]},{\"@type\":\"BreadcrumbList\",\"@id\":\"https:\/\/wallface.de\/fr\/mentions-legales\/#breadcrumb\",\"itemListElement\":[{\"@type\":\"ListItem\",\"position\":1,\"name\":\"Home\",\"item\":\"https:\/\/wallface.de\/fr\/\"},{\"@type\":\"ListItem\",\"position\":2,\"name\":\"Mentions l\u00e9gales\"}]},{\"@type\":\"WebSite\",\"@id\":\"https:\/\/wallface.de\/fr\/#website\",\"url\":\"https:\/\/wallface.de\/fr\/\",\"name\":\"wallface\/fr\",\"description\":\"\",\"potentialAction\":[{\"@type\":\"SearchAction\",\"target\":{\"@type\":\"EntryPoint\",\"urlTemplate\":\"https:\/\/wallface.de\/fr\/?s={search_term_string}\"},\"query-input\":\"required name=search_term_string\"}],\"inLanguage\":\"fr-FR\"}]}<\/script>\n<!-- \/ Yoast SEO plugin. -->","yoast_head_json":{"title":"Mentions l\u00e9gales - wallface\/fr","robots":{"index":"index","follow":"follow","max-snippet":"max-snippet:-1","max-image-preview":"max-image-preview:large","max-video-preview":"max-video-preview:-1"},"canonical":"https:\/\/wallface.de\/fr\/mentions-legales\/","og_locale":"fr_FR","og_type":"article","og_title":"Mentions l\u00e9gales - wallface\/fr","og_url":"https:\/\/wallface.de\/fr\/mentions-legales\/","og_site_name":"wallface\/fr","article_modified_time":"2025-07-28T12:04:49+00:00","twitter_card":"summary_large_image","twitter_misc":{"Dur\u00e9e de lecture estim\u00e9e":"1 minute"},"schema":{"@context":"https:\/\/schema.org","@graph":[{"@type":"WebPage","@id":"https:\/\/wallface.de\/fr\/mentions-legales\/","url":"https:\/\/wallface.de\/fr\/mentions-legales\/","name":"Mentions l\u00e9gales - wallface\/fr","isPartOf":{"@id":"https:\/\/wallface.de\/fr\/#website"},"datePublished":"2023-12-27T15:11:19+00:00","dateModified":"2025-07-28T12:04:49+00:00","breadcrumb":{"@id":"https:\/\/wallface.de\/fr\/mentions-legales\/#breadcrumb"},"inLanguage":"fr-FR","potentialAction":[{"@type":"ReadAction","target":["https:\/\/wallface.de\/fr\/mentions-legales\/"]}]},{"@type":"BreadcrumbList","@id":"https:\/\/wallface.de\/fr\/mentions-legales\/#breadcrumb","itemListElement":[{"@type":"ListItem","position":1,"name":"Home","item":"https:\/\/wallface.de\/fr\/"},{"@type":"ListItem","position":2,"name":"Mentions l\u00e9gales"}]},{"@type":"WebSite","@id":"https:\/\/wallface.de\/fr\/#website","url":"https:\/\/wallface.de\/fr\/","name":"wallface\/fr","description":"","potentialAction":[{"@type":"SearchAction","target":{"@type":"EntryPoint","urlTemplate":"https:\/\/wallface.de\/fr\/?s={search_term_string}"},"query-input":"required name=search_term_string"}],"inLanguage":"fr-FR"}]}},"_links":{"self":[{"href":"https:\/\/wallface.de\/fr\/wp-json\/wp\/v2\/pages\/12178","targetHints":{"allow":["GET"]}}],"collection":[{"href":"https:\/\/wallface.de\/fr\/wp-json\/wp\/v2\/pages"}],"about":[{"href":"https:\/\/wallface.de\/fr\/wp-json\/wp\/v2\/types\/page"}],"author":[{"embeddable":true,"href":"https:\/\/wallface.de\/fr\/wp-json\/wp\/v2\/users\/1"}],"replies":[{"embeddable":true,"href":"https:\/\/wallface.de\/fr\/wp-json\/wp\/v2\/comments?post=12178"}],"version-history":[{"count":2,"href":"https:\/\/wallface.de\/fr\/wp-json\/wp\/v2\/pages\/12178\/revisions"}],"predecessor-version":[{"id":59901,"href":"https:\/\/wallface.de\/fr\/wp-json\/wp\/v2\/pages\/12178\/revisions\/59901"}],"wp:attachment":[{"href":"https:\/\/wallface.de\/fr\/wp-json\/wp\/v2\/media?parent=12178"}],"curies":[{"name":"wp","href":"https:\/\/api.w.org\/{rel}","templated":true}]}}