{"id":8841,"date":"2024-01-09T07:43:03","date_gmt":"2024-01-09T06:43:03","guid":{"rendered":"https:\/\/wallface.de\/it\/?page_id=8841"},"modified":"2025-07-16T13:25:33","modified_gmt":"2025-07-16T13:25:33","slug":"chi-siamo","status":"publish","type":"page","link":"https:\/\/wallface.de\/it\/chi-siamo\/","title":{"rendered":"Chi siamo"},"content":{"rendered":"<p><div class=\"fusion-fullwidth fullwidth-box fusion-builder-row-1 fusion-flex-container hundred-percent-fullwidth non-hundred-percent-height-scrolling\" style=\"--awb-border-radius-top-left:0px;--awb-border-radius-top-right:0px;--awb-border-radius-bottom-right:0px;--awb-border-radius-bottom-left:0px;--awb-padding-right:0px;--awb-padding-left:0px;--awb-flex-wrap:wrap;\" ><div class=\"fusion-builder-row fusion-row fusion-flex-align-items-flex-start fusion-flex-content-wrap\" style=\"width:104% !important;max-width:104% !important;margin-left: calc(-4% \/ 2 );margin-right: calc(-4% \/ 2 );\"><div class=\"fusion-layout-column fusion_builder_column fusion-builder-column-0 fusion_builder_column_1_1 1_1 fusion-flex-column\" style=\"--awb-bg-size:cover;--awb-width-large:100%;--awb-margin-top-large:0px;--awb-spacing-right-large:1.92%;--awb-margin-bottom-large:20px;--awb-spacing-left-large:1.92%;--awb-width-medium:100%;--awb-order-medium:0;--awb-spacing-right-medium:1.92%;--awb-spacing-left-medium:1.92%;--awb-width-small:100%;--awb-order-small:0;--awb-spacing-right-small:1.92%;--awb-spacing-left-small:1.92%;\"><div class=\"fusion-column-wrapper fusion-column-has-shadow fusion-flex-justify-content-flex-start fusion-content-layout-column\"><div class=\"fusion-image-element \" style=\"--awb-caption-title-font-family:var(--h2_typography-font-family);--awb-caption-title-font-weight:var(--h2_typography-font-weight);--awb-caption-title-font-style:var(--h2_typography-font-style);--awb-caption-title-size:var(--h2_typography-font-size);--awb-caption-title-transform:var(--h2_typography-text-transform);--awb-caption-title-line-height:var(--h2_typography-line-height);--awb-caption-title-letter-spacing:var(--h2_typography-letter-spacing);\"><span class=\" fusion-imageframe imageframe-none imageframe-1 hover-type-none fool-img-desc\"><img decoding=\"async\" width=\"2500\" height=\"900\" alt=\"Soggiorno moderno con due poltrone, una libreria e decorazioni.\" src=\"https:\/\/wallface.de\/it\/wp-content\/uploads\/sites\/4\/2025\/03\/wallface_pannelli_murali_chi_siamo.jpg\" class=\"img-responsive wp-image-56952\" srcset=\"https:\/\/wallface.de\/it\/wp-content\/uploads\/sites\/4\/2025\/03\/wallface_pannelli_murali_chi_siamo-200x72.jpg 200w, https:\/\/wallface.de\/it\/wp-content\/uploads\/sites\/4\/2025\/03\/wallface_pannelli_murali_chi_siamo-400x144.jpg 400w, https:\/\/wallface.de\/it\/wp-content\/uploads\/sites\/4\/2025\/03\/wallface_pannelli_murali_chi_siamo-600x216.jpg 600w, https:\/\/wallface.de\/it\/wp-content\/uploads\/sites\/4\/2025\/03\/wallface_pannelli_murali_chi_siamo-800x288.jpg 800w, https:\/\/wallface.de\/it\/wp-content\/uploads\/sites\/4\/2025\/03\/wallface_pannelli_murali_chi_siamo-1200x432.jpg 1200w, https:\/\/wallface.de\/it\/wp-content\/uploads\/sites\/4\/2025\/03\/wallface_pannelli_murali_chi_siamo.jpg 2500w\" sizes=\"(max-width: 640px) 100vw, 1200px\" \/><\/span><\/div><div class=\"fusion-image-element \" style=\"--awb-caption-title-font-family:var(--h2_typography-font-family);--awb-caption-title-font-weight:var(--h2_typography-font-weight);--awb-caption-title-font-style:var(--h2_typography-font-style);--awb-caption-title-size:var(--h2_typography-font-size);--awb-caption-title-transform:var(--h2_typography-text-transform);--awb-caption-title-line-height:var(--h2_typography-line-height);--awb-caption-title-letter-spacing:var(--h2_typography-letter-spacing);\"><span class=\" fusion-imageframe imageframe-none imageframe-2 hover-type-none fool-img-mob\"><img decoding=\"async\" width=\"650\" height=\"884\" alt=\"Soggiorno moderno con una poltrona, scaffali e decorazioni\" src=\"https:\/\/wallface.de\/it\/wp-content\/uploads\/sites\/4\/2025\/03\/wallface_pannelli_murali_chi_siamo_mob.jpg\" class=\"img-responsive wp-image-56953\" srcset=\"https:\/\/wallface.de\/it\/wp-content\/uploads\/sites\/4\/2025\/03\/wallface_pannelli_murali_chi_siamo_mob-200x272.jpg 200w, https:\/\/wallface.de\/it\/wp-content\/uploads\/sites\/4\/2025\/03\/wallface_pannelli_murali_chi_siamo_mob-400x544.jpg 400w, https:\/\/wallface.de\/it\/wp-content\/uploads\/sites\/4\/2025\/03\/wallface_pannelli_murali_chi_siamo_mob-600x816.jpg 600w, https:\/\/wallface.de\/it\/wp-content\/uploads\/sites\/4\/2025\/03\/wallface_pannelli_murali_chi_siamo_mob.jpg 650w\" sizes=\"(max-width: 640px) 100vw, 650px\" \/><\/span><\/div><\/div><\/div><\/div><\/div><div class=\"fusion-fullwidth fullwidth-box fusion-builder-row-2 fusion-flex-container nonhundred-percent-fullwidth non-hundred-percent-height-scrolling\" style=\"--awb-border-radius-top-left:0px;--awb-border-radius-top-right:0px;--awb-border-radius-bottom-right:0px;--awb-border-radius-bottom-left:0px;--awb-flex-wrap:wrap;\" ><div class=\"fusion-builder-row fusion-row fusion-flex-align-items-flex-start fusion-flex-content-wrap\" style=\"max-width:1200.0352px;margin-left: calc(-4% \/ 2 );margin-right: calc(-4% \/ 2 );\"><div class=\"fusion-layout-column fusion_builder_column fusion-builder-column-1 fusion_builder_column_1_1 1_1 fusion-flex-column\" style=\"--awb-bg-size:cover;--awb-width-large:100%;--awb-margin-top-large:0px;--awb-spacing-right-large:1.92%;--awb-margin-bottom-large:20px;--awb-spacing-left-large:1.92%;--awb-width-medium:100%;--awb-order-medium:0;--awb-spacing-right-medium:1.92%;--awb-spacing-left-medium:1.92%;--awb-width-small:100%;--awb-order-small:0;--awb-spacing-right-small:1.92%;--awb-spacing-left-small:1.92%;\"><div class=\"fusion-column-wrapper fusion-column-has-shadow fusion-flex-justify-content-flex-start fusion-content-layout-column\"><div class=\"fusion-title title fusion-title-1 fusion-sep-none fusion-title-text fusion-title-size-one title-section\"><h1 class=\"fusion-title-heading title-heading-left\" style=\"margin:0;\"><h1>Chi siamo<\/h1><\/h1><\/div><div class=\"fusion-text fusion-text-1 home_subtitle\" style=\"--awb-text-transform:none;\"><p>Wall Face \u00e8 un pregiatissimo marchio di e-Delux GmbH. Qui troverete informazioni utili sulla nostra azienda \u2013a partire dalla sua storia, valori e responsabilit\u00e0 sociale fino alle altre attivit\u00e0.<\/p>\n<\/div><\/div><\/div><\/div><\/div><div class=\"fusion-fullwidth fullwidth-box fusion-builder-row-3 fusion-flex-container no-margin-bott m_t120 bl_mobile_100 nonhundred-percent-fullwidth non-hundred-percent-height-scrolling\" style=\"--awb-border-radius-top-left:0px;--awb-border-radius-top-right:0px;--awb-border-radius-bottom-right:0px;--awb-border-radius-bottom-left:0px;--awb-margin-top:0px;--awb-margin-bottom:0px;--awb-flex-wrap:wrap;\" ><div class=\"fusion-builder-row fusion-row fusion-flex-align-items-flex-start fusion-flex-content-wrap\" style=\"max-width:1200.0352px;margin-left: calc(-4% \/ 2 );margin-right: calc(-4% \/ 2 );\"><div class=\"fusion-layout-column fusion_builder_column fusion-builder-column-2 fusion_builder_column_1_2 1_2 fusion-flex-column img_w-50\" style=\"--awb-bg-size:cover;--awb-width-large:50%;--awb-margin-top-large:0px;--awb-spacing-right-large:3.84%;--awb-margin-bottom-large:0px;--awb-spacing-left-large:3.84%;--awb-width-medium:50%;--awb-order-medium:0;--awb-spacing-right-medium:3.84%;--awb-spacing-left-medium:3.84%;--awb-width-small:100%;--awb-order-small:0;--awb-spacing-right-small:1.92%;--awb-spacing-left-small:1.92%;\"><div class=\"fusion-column-wrapper fusion-column-has-shadow fusion-flex-justify-content-flex-start fusion-content-layout-column\"><div class=\"fusion-image-element \" style=\"--awb-caption-title-font-family:var(--h2_typography-font-family);--awb-caption-title-font-weight:var(--h2_typography-font-weight);--awb-caption-title-font-style:var(--h2_typography-font-style);--awb-caption-title-size:var(--h2_typography-font-size);--awb-caption-title-transform:var(--h2_typography-text-transform);--awb-caption-title-line-height:var(--h2_typography-line-height);--awb-caption-title-letter-spacing:var(--h2_typography-letter-spacing);\"><span class=\" fusion-imageframe imageframe-none imageframe-3 hover-type-zoomin\"><img decoding=\"async\" width=\"600\" height=\"600\" alt=\"Interno moderno di una hall d&#039;hotel con camino, sedie verdi e bianche.\" src=\"https:\/\/wallface.de\/it\/wp-content\/uploads\/sites\/4\/2025\/03\/wallface_pannelli_murali_chi_siamo_noi.jpg\" class=\"img-responsive wp-image-56954\" srcset=\"https:\/\/wallface.de\/it\/wp-content\/uploads\/sites\/4\/2025\/03\/wallface_pannelli_murali_chi_siamo_noi-200x200.jpg 200w, https:\/\/wallface.de\/it\/wp-content\/uploads\/sites\/4\/2025\/03\/wallface_pannelli_murali_chi_siamo_noi-400x400.jpg 400w, https:\/\/wallface.de\/it\/wp-content\/uploads\/sites\/4\/2025\/03\/wallface_pannelli_murali_chi_siamo_noi.jpg 600w\" sizes=\"(max-width: 640px) 100vw, 600px\" \/><\/span><\/div><\/div><\/div><div class=\"fusion-layout-column fusion_builder_column fusion-builder-column-3 fusion_builder_column_1_2 1_2 fusion-flex-column h_100 align-items_c txt_norm\" style=\"--awb-bg-size:cover;--awb-width-large:50%;--awb-margin-top-large:0px;--awb-spacing-right-large:3.84%;--awb-margin-bottom-large:0px;--awb-spacing-left-large:3.84%;--awb-width-medium:50%;--awb-order-medium:0;--awb-spacing-right-medium:3.84%;--awb-spacing-left-medium:3.84%;--awb-width-small:100%;--awb-order-small:0;--awb-spacing-right-small:1.92%;--awb-spacing-left-small:1.92%;\"><div class=\"fusion-column-wrapper fusion-column-has-shadow fusion-flex-justify-content-flex-start fusion-content-layout-column\"><div class=\"fusion-title title fusion-title-2 fusion-sep-none fusion-title-text fusion-title-size-one f-s_44\"><h1 class=\"fusion-title-heading title-heading-left\" style=\"margin:0;\"><h3>Chi siamo?<\/h3><\/h1><\/div><div class=\"fusion-text fusion-text-2\" style=\"--awb-text-transform:none;\"><p>Nei pressi di D\u00fcsseldorf, fondata a Erkrath il 30.09.2009, la societ\u00e0 pu\u00f2 vantare una storia di successo. La nostra azienda \u00e8 sinonimo di qualit\u00e0, esperienza e fiducia. \u00c8 una realt\u00e0 creativa in continua crescita. Sviluppiamo, produciamo e commercializziamo una vasta gamma di prodotti di qualit\u00e0 per un esclusivo design degli interni.<\/p>\n<p>Grazie ai tantissimi clienti fedeli in pi\u00f9 di 100 paesi e-Delux \u00e8 diventata uno dei principali distributori di prodotti per la decorazione d\u2019interni.<\/p>\n<\/div><\/div><\/div><\/div><\/div><div class=\"fusion-fullwidth fullwidth-box fusion-builder-row-4 fusion-flex-container no-margin-bott bl_mobile_100 bl_mobile_100_fimg nonhundred-percent-fullwidth non-hundred-percent-height-scrolling\" style=\"--awb-border-radius-top-left:0px;--awb-border-radius-top-right:0px;--awb-border-radius-bottom-right:0px;--awb-border-radius-bottom-left:0px;--awb-flex-wrap:wrap;\" ><div class=\"fusion-builder-row fusion-row fusion-flex-align-items-flex-start fusion-flex-content-wrap\" style=\"max-width:1200.0352px;margin-left: calc(-4% \/ 2 );margin-right: calc(-4% \/ 2 );\"><div class=\"fusion-layout-column fusion_builder_column fusion-builder-column-4 fusion_builder_column_1_2 1_2 fusion-flex-column h_100 align-items_c txt_norm\" style=\"--awb-bg-size:cover;--awb-width-large:50%;--awb-margin-top-large:0px;--awb-spacing-right-large:3.84%;--awb-margin-bottom-large:0px;--awb-spacing-left-large:3.84%;--awb-width-medium:50%;--awb-order-medium:0;--awb-spacing-right-medium:3.84%;--awb-spacing-left-medium:3.84%;--awb-width-small:100%;--awb-order-small:0;--awb-spacing-right-small:1.92%;--awb-spacing-left-small:1.92%;\"><div class=\"fusion-column-wrapper fusion-column-has-shadow fusion-flex-justify-content-flex-start fusion-content-layout-column\"><div class=\"fusion-title title fusion-title-3 fusion-sep-none fusion-title-text fusion-title-size-one f-s_44\"><h1 class=\"fusion-title-heading title-heading-left\" style=\"margin:0;\"><h3>La nostra filosofia<\/h3><\/h1><\/div><div class=\"fusion-text fusion-text-3\" style=\"--awb-text-transform:none;\"><p>Maneggevolezza garantita ai consumatori finali \u00e8 la nostra priorit\u00e0, cos\u00ec come la qualit\u00e0 e la durevolezza. Qualit\u00e0 del nostro servizio ed l\u2019innovazione sono la base per la fiducia e la sicurezza trasmessi attraverso i nostri prodotti.<\/p>\n<p>La nostra filosofia: e-Delux, con le sue innovative e soluzioni d\u2019arredo moderne, orientata alle esigenze del mercato e soprattutto di ogni singolo cliente.<\/p>\n<p>Un atteggiamento responsabile e conseguente verso la clientela \u00e8 tanto importante quanto la redditivit\u00e0.<\/p>\n<\/div><\/div><\/div><div class=\"fusion-layout-column fusion_builder_column fusion-builder-column-5 fusion_builder_column_1_2 1_2 fusion-flex-column img_w-50\" style=\"--awb-bg-size:cover;--awb-width-large:50%;--awb-margin-top-large:0px;--awb-spacing-right-large:3.84%;--awb-margin-bottom-large:0px;--awb-spacing-left-large:3.84%;--awb-width-medium:50%;--awb-order-medium:0;--awb-spacing-right-medium:3.84%;--awb-spacing-left-medium:3.84%;--awb-width-small:100%;--awb-order-small:0;--awb-spacing-right-small:1.92%;--awb-spacing-left-small:1.92%;\"><div class=\"fusion-column-wrapper fusion-column-has-shadow fusion-flex-justify-content-flex-start fusion-content-layout-column\"><div class=\"fusion-image-element \" style=\"--awb-caption-title-font-family:var(--h2_typography-font-family);--awb-caption-title-font-weight:var(--h2_typography-font-weight);--awb-caption-title-font-style:var(--h2_typography-font-style);--awb-caption-title-size:var(--h2_typography-font-size);--awb-caption-title-transform:var(--h2_typography-text-transform);--awb-caption-title-line-height:var(--h2_typography-line-height);--awb-caption-title-letter-spacing:var(--h2_typography-letter-spacing);\"><span class=\" fusion-imageframe imageframe-none imageframe-4 hover-type-zoomin\"><img decoding=\"async\" width=\"600\" height=\"600\" alt=\"Soggiorno moderno con divano in pelle marrone, tappeto grigio e mensola integrata.\" src=\"https:\/\/wallface.de\/it\/wp-content\/uploads\/sites\/4\/2025\/03\/wallface_pannelli_murali_chi_siamo_filosofia.jpg\" class=\"img-responsive wp-image-56955\" srcset=\"https:\/\/wallface.de\/it\/wp-content\/uploads\/sites\/4\/2025\/03\/wallface_pannelli_murali_chi_siamo_filosofia-200x200.jpg 200w, https:\/\/wallface.de\/it\/wp-content\/uploads\/sites\/4\/2025\/03\/wallface_pannelli_murali_chi_siamo_filosofia-400x400.jpg 400w, https:\/\/wallface.de\/it\/wp-content\/uploads\/sites\/4\/2025\/03\/wallface_pannelli_murali_chi_siamo_filosofia.jpg 600w\" sizes=\"(max-width: 640px) 100vw, 600px\" \/><\/span><\/div><\/div><\/div><\/div><\/div><div class=\"fusion-fullwidth fullwidth-box fusion-builder-row-5 fusion-flex-container bl_mobile_100 nonhundred-percent-fullwidth non-hundred-percent-height-scrolling\" style=\"--awb-border-radius-top-left:0px;--awb-border-radius-top-right:0px;--awb-border-radius-bottom-right:0px;--awb-border-radius-bottom-left:0px;--awb-flex-wrap:wrap;\" ><div class=\"fusion-builder-row fusion-row fusion-flex-align-items-flex-start fusion-flex-content-wrap\" style=\"max-width:1200.0352px;margin-left: calc(-4% \/ 2 );margin-right: calc(-4% \/ 2 );\"><div class=\"fusion-layout-column fusion_builder_column fusion-builder-column-6 fusion_builder_column_1_2 1_2 fusion-flex-column img_w-50\" style=\"--awb-bg-size:cover;--awb-width-large:50%;--awb-margin-top-large:0px;--awb-spacing-right-large:3.84%;--awb-margin-bottom-large:20px;--awb-spacing-left-large:3.84%;--awb-width-medium:50%;--awb-order-medium:0;--awb-spacing-right-medium:3.84%;--awb-spacing-left-medium:3.84%;--awb-width-small:100%;--awb-order-small:0;--awb-spacing-right-small:1.92%;--awb-spacing-left-small:1.92%;\"><div class=\"fusion-column-wrapper fusion-column-has-shadow fusion-flex-justify-content-flex-start fusion-content-layout-column\"><div class=\"fusion-image-element \" style=\"--awb-caption-title-font-family:var(--h2_typography-font-family);--awb-caption-title-font-weight:var(--h2_typography-font-weight);--awb-caption-title-font-style:var(--h2_typography-font-style);--awb-caption-title-size:var(--h2_typography-font-size);--awb-caption-title-transform:var(--h2_typography-text-transform);--awb-caption-title-line-height:var(--h2_typography-line-height);--awb-caption-title-letter-spacing:var(--h2_typography-letter-spacing);\"><span class=\" fusion-imageframe imageframe-none imageframe-5 hover-type-zoomin\"><img decoding=\"async\" width=\"600\" height=\"600\" alt=\"Soggiorno moderno con grandi finestre, divano ad angolo beige e lampadario elegante.\" src=\"https:\/\/wallface.de\/it\/wp-content\/uploads\/sites\/4\/2025\/03\/wallface_pannelli_murali_chi_siamo_distributori.jpg\" class=\"img-responsive wp-image-56956\" srcset=\"https:\/\/wallface.de\/it\/wp-content\/uploads\/sites\/4\/2025\/03\/wallface_pannelli_murali_chi_siamo_distributori-200x200.jpg 200w, https:\/\/wallface.de\/it\/wp-content\/uploads\/sites\/4\/2025\/03\/wallface_pannelli_murali_chi_siamo_distributori-400x400.jpg 400w, https:\/\/wallface.de\/it\/wp-content\/uploads\/sites\/4\/2025\/03\/wallface_pannelli_murali_chi_siamo_distributori.jpg 600w\" sizes=\"(max-width: 640px) 100vw, 600px\" \/><\/span><\/div><\/div><\/div><div class=\"fusion-layout-column fusion_builder_column fusion-builder-column-7 fusion_builder_column_1_2 1_2 fusion-flex-column h_100 align-items_c txt_norm\" style=\"--awb-bg-size:cover;--awb-width-large:50%;--awb-margin-top-large:0px;--awb-spacing-right-large:3.84%;--awb-margin-bottom-large:20px;--awb-spacing-left-large:3.84%;--awb-width-medium:50%;--awb-order-medium:0;--awb-spacing-right-medium:3.84%;--awb-spacing-left-medium:3.84%;--awb-width-small:100%;--awb-order-small:0;--awb-spacing-right-small:1.92%;--awb-spacing-left-small:1.92%;\"><div class=\"fusion-column-wrapper fusion-column-has-shadow fusion-flex-justify-content-flex-start fusion-content-layout-column\"><div class=\"fusion-title title fusion-title-4 fusion-sep-none fusion-title-text fusion-title-size-one f-s_44\"><h1 class=\"fusion-title-heading title-heading-left\" style=\"margin:0;\"><h3>Diventare partner<\/h3><\/h1><\/div><div class=\"fusion-text fusion-text-4\" style=\"--awb-text-transform:none;\"><p>Sei un rivenditore, designer degli interni o architetto d&#8217;interni e d interessato a vendere prodotti WallFace nella tua regione?<\/p>\n<p>Saremo contenti di essere contattati!<\/p>\n<\/div><div ><a class=\"fusion-button button-flat fusion-button-default-size button-default fusion-button-default button-1 fusion-button-default-span fusion-button-default-type section_txt-column-url\" target=\"_self\" href=\"https:\/\/wallface.de\/it\/contatto\/\"><span class=\"fusion-button-text\">Contattarci<\/span><i class=\"fa-arrow-right fas button-icon-right\" aria-hidden=\"true\"><\/i><\/a><\/div><\/div><\/div><\/div><\/div><\/p>\n","protected":false},"excerpt":{"rendered":"","protected":false},"author":1,"featured_media":0,"parent":0,"menu_order":0,"comment_status":"closed","ping_status":"closed","template":"100-width.php","meta":{"inline_featured_image":false,"footnotes":""},"class_list":["post-8841","page","type-page","status-publish","hentry"],"yoast_head":"<!-- This site is optimized with the Yoast SEO plugin v22.0 - https:\/\/yoast.com\/wordpress\/plugins\/seo\/ -->\n<title>Chi Siamo | WallFace \u2013 Innovazione nel Rivestimento Murale<\/title>\n<meta name=\"description\" content=\"WallFace \u00e8 sinonimo di qualit\u00e0 e design nei pannelli decorativi. Scopri la nostra storia, la filosofia aziendale e l\u2019impegno verso soluzioni moderne e sostenibili.\" \/>\n<meta name=\"robots\" content=\"index, follow, max-snippet:-1, max-image-preview:large, max-video-preview:-1\" \/>\n<link rel=\"canonical\" href=\"https:\/\/wallface.de\/it\/chi-siamo\/\" \/>\n<meta property=\"og:locale\" content=\"it_IT\" \/>\n<meta property=\"og:type\" content=\"article\" \/>\n<meta property=\"og:title\" content=\"Chi Siamo | WallFace \u2013 Innovazione nel Rivestimento Murale\" \/>\n<meta property=\"og:description\" content=\"WallFace \u00e8 sinonimo di qualit\u00e0 e design nei pannelli decorativi. Scopri la nostra storia, la filosofia aziendale e l\u2019impegno verso soluzioni moderne e sostenibili.\" \/>\n<meta property=\"og:url\" content=\"https:\/\/wallface.de\/it\/chi-siamo\/\" \/>\n<meta property=\"og:site_name\" content=\"wallface\/it\" \/>\n<meta property=\"article:modified_time\" content=\"2025-07-16T13:25:33+00:00\" \/>\n<meta name=\"twitter:card\" content=\"summary_large_image\" \/>\n<meta name=\"twitter:label1\" content=\"Tempo di lettura stimato\" \/>\n\t<meta name=\"twitter:data1\" content=\"3 minuti\" \/>\n<script type=\"application\/ld+json\" class=\"yoast-schema-graph\">{\"@context\":\"https:\/\/schema.org\",\"@graph\":[{\"@type\":\"WebPage\",\"@id\":\"https:\/\/wallface.de\/it\/chi-siamo\/\",\"url\":\"https:\/\/wallface.de\/it\/chi-siamo\/\",\"name\":\"Chi Siamo | WallFace \u2013 Innovazione nel Rivestimento Murale\",\"isPartOf\":{\"@id\":\"https:\/\/wallface.de\/it\/#website\"},\"datePublished\":\"2024-01-09T06:43:03+00:00\",\"dateModified\":\"2025-07-16T13:25:33+00:00\",\"description\":\"WallFace \u00e8 sinonimo di qualit\u00e0 e design nei pannelli decorativi. Scopri la nostra storia, la filosofia aziendale e l\u2019impegno verso soluzioni moderne e sostenibili.\",\"breadcrumb\":{\"@id\":\"https:\/\/wallface.de\/it\/chi-siamo\/#breadcrumb\"},\"inLanguage\":\"it-IT\",\"potentialAction\":[{\"@type\":\"ReadAction\",\"target\":[\"https:\/\/wallface.de\/it\/chi-siamo\/\"]}]},{\"@type\":\"BreadcrumbList\",\"@id\":\"https:\/\/wallface.de\/it\/chi-siamo\/#breadcrumb\",\"itemListElement\":[{\"@type\":\"ListItem\",\"position\":1,\"name\":\"Home\",\"item\":\"https:\/\/wallface.de\/it\/\"},{\"@type\":\"ListItem\",\"position\":2,\"name\":\"Chi siamo\"}]},{\"@type\":\"WebSite\",\"@id\":\"https:\/\/wallface.de\/it\/#website\",\"url\":\"https:\/\/wallface.de\/it\/\",\"name\":\"wallface\/it\",\"description\":\"\",\"potentialAction\":[{\"@type\":\"SearchAction\",\"target\":{\"@type\":\"EntryPoint\",\"urlTemplate\":\"https:\/\/wallface.de\/it\/?s={search_term_string}\"},\"query-input\":\"required name=search_term_string\"}],\"inLanguage\":\"it-IT\"}]}<\/script>\n<!-- \/ Yoast SEO plugin. -->","yoast_head_json":{"title":"Chi Siamo | WallFace \u2013 Innovazione nel Rivestimento Murale","description":"WallFace \u00e8 sinonimo di qualit\u00e0 e design nei pannelli decorativi. Scopri la nostra storia, la filosofia aziendale e l\u2019impegno verso soluzioni moderne e sostenibili.","robots":{"index":"index","follow":"follow","max-snippet":"max-snippet:-1","max-image-preview":"max-image-preview:large","max-video-preview":"max-video-preview:-1"},"canonical":"https:\/\/wallface.de\/it\/chi-siamo\/","og_locale":"it_IT","og_type":"article","og_title":"Chi Siamo | WallFace \u2013 Innovazione nel Rivestimento Murale","og_description":"WallFace \u00e8 sinonimo di qualit\u00e0 e design nei pannelli decorativi. Scopri la nostra storia, la filosofia aziendale e l\u2019impegno verso soluzioni moderne e sostenibili.","og_url":"https:\/\/wallface.de\/it\/chi-siamo\/","og_site_name":"wallface\/it","article_modified_time":"2025-07-16T13:25:33+00:00","twitter_card":"summary_large_image","twitter_misc":{"Tempo di lettura stimato":"3 minuti"},"schema":{"@context":"https:\/\/schema.org","@graph":[{"@type":"WebPage","@id":"https:\/\/wallface.de\/it\/chi-siamo\/","url":"https:\/\/wallface.de\/it\/chi-siamo\/","name":"Chi Siamo | WallFace \u2013 Innovazione nel Rivestimento Murale","isPartOf":{"@id":"https:\/\/wallface.de\/it\/#website"},"datePublished":"2024-01-09T06:43:03+00:00","dateModified":"2025-07-16T13:25:33+00:00","description":"WallFace \u00e8 sinonimo di qualit\u00e0 e design nei pannelli decorativi. Scopri la nostra storia, la filosofia aziendale e l\u2019impegno verso soluzioni moderne e sostenibili.","breadcrumb":{"@id":"https:\/\/wallface.de\/it\/chi-siamo\/#breadcrumb"},"inLanguage":"it-IT","potentialAction":[{"@type":"ReadAction","target":["https:\/\/wallface.de\/it\/chi-siamo\/"]}]},{"@type":"BreadcrumbList","@id":"https:\/\/wallface.de\/it\/chi-siamo\/#breadcrumb","itemListElement":[{"@type":"ListItem","position":1,"name":"Home","item":"https:\/\/wallface.de\/it\/"},{"@type":"ListItem","position":2,"name":"Chi siamo"}]},{"@type":"WebSite","@id":"https:\/\/wallface.de\/it\/#website","url":"https:\/\/wallface.de\/it\/","name":"wallface\/it","description":"","potentialAction":[{"@type":"SearchAction","target":{"@type":"EntryPoint","urlTemplate":"https:\/\/wallface.de\/it\/?s={search_term_string}"},"query-input":"required name=search_term_string"}],"inLanguage":"it-IT"}]}},"_links":{"self":[{"href":"https:\/\/wallface.de\/it\/wp-json\/wp\/v2\/pages\/8841","targetHints":{"allow":["GET"]}}],"collection":[{"href":"https:\/\/wallface.de\/it\/wp-json\/wp\/v2\/pages"}],"about":[{"href":"https:\/\/wallface.de\/it\/wp-json\/wp\/v2\/types\/page"}],"author":[{"embeddable":true,"href":"https:\/\/wallface.de\/it\/wp-json\/wp\/v2\/users\/1"}],"replies":[{"embeddable":true,"href":"https:\/\/wallface.de\/it\/wp-json\/wp\/v2\/comments?post=8841"}],"version-history":[{"count":1,"href":"https:\/\/wallface.de\/it\/wp-json\/wp\/v2\/pages\/8841\/revisions"}],"predecessor-version":[{"id":56957,"href":"https:\/\/wallface.de\/it\/wp-json\/wp\/v2\/pages\/8841\/revisions\/56957"}],"wp:attachment":[{"href":"https:\/\/wallface.de\/it\/wp-json\/wp\/v2\/media?parent=8841"}],"curies":[{"name":"wp","href":"https:\/\/api.w.org\/{rel}","templated":true}]}}